{"id":2774,"date":"2023-03-02T11:18:24","date_gmt":"2023-03-02T11:18:24","guid":{"rendered":"https:\/\/aremiem.com\/stati-uniti\/"},"modified":"2023-06-28T08:08:35","modified_gmt":"2023-06-28T08:08:35","slug":"stati-uniti","status":"publish","type":"page","link":"https:\/\/aremiem.com\/it\/stati-uniti\/","title":{"rendered":"Stati Uniti"},"content":{"rendered":"\t\t<div data-elementor-type=\"wp-page\" data-elementor-id=\"2774\" class=\"elementor elementor-2774 elementor-979\" data-elementor-post-type=\"page\">\n\t\t\t\t\t\t<section class=\"elementor-section elementor-top-section elementor-element elementor-element-f4e8800 elementor-section-full_width elementor-section-height-min-height elementor-section-height-default elementor-section-items-middle\" data-id=\"f4e8800\" data-element_type=\"section\" data-e-type=\"section\" data-settings=\"{&quot;background_background&quot;:&quot;classic&quot;}\">\n\t\t\t\t\t\t<div class=\"elementor-container elementor-column-gap-default\">\n\t\t\t\t\t<div class=\"elementor-column elementor-col-100 elementor-top-column elementor-element elementor-element-696d1f2\" data-id=\"696d1f2\" data-element_type=\"column\" data-e-type=\"column\" data-settings=\"{&quot;background_background&quot;:&quot;classic&quot;}\">\n\t\t\t<div class=\"elementor-widget-wrap elementor-element-populated\">\n\t\t\t\t\t\t<div class=\"elementor-element elementor-element-6997dce elementor-widget elementor-widget-heading\" data-id=\"6997dce\" data-element_type=\"widget\" data-e-type=\"widget\" data-widget_type=\"heading.default\">\n\t\t\t\t<div class=\"elementor-widget-container\">\n\t\t\t\t\t<h2 class=\"elementor-heading-title elementor-size-default\">Stati Uniti d'America<\/h2>\t\t\t\t<\/div>\n\t\t\t\t<\/div>\n\t\t\t\t<div class=\"elementor-element elementor-element-74021e1 elementor-widget elementor-widget-text-editor\" data-id=\"74021e1\" data-element_type=\"widget\" data-e-type=\"widget\" data-widget_type=\"text-editor.default\">\n\t\t\t\t<div class=\"elementor-widget-container\">\n\t\t\t\t\t\t\t\t\t<p style=\"margin-bottom: 0cm; line-height: 100%;\">Nighthawks &#8211; Edward Hoppet<\/p>\n\t\t\t\t\t\t\t\t<\/div>\n\t\t\t\t<\/div>\n\t\t\t\t\t<\/div>\n\t\t<\/div>\n\t\t\t\t\t<\/div>\n\t\t<\/section>\n\t\t\t\t<section class=\"elementor-section elementor-top-section elementor-element elementor-element-1cb0454 elementor-section-full_width elementor-section-height-default elementor-section-height-default\" data-id=\"1cb0454\" data-element_type=\"section\" data-e-type=\"section\" data-settings=\"{&quot;background_background&quot;:&quot;classic&quot;}\">\n\t\t\t\t\t\t<div class=\"elementor-container elementor-column-gap-default\">\n\t\t\t\t\t<div class=\"elementor-column elementor-col-33 elementor-top-column elementor-element elementor-element-3a51376\" data-id=\"3a51376\" data-element_type=\"column\" data-e-type=\"column\">\n\t\t\t<div class=\"elementor-widget-wrap elementor-element-populated\">\n\t\t\t\t\t\t<div class=\"elementor-element elementor-element-607fc20 elementor-widget elementor-widget-heading\" data-id=\"607fc20\" data-element_type=\"widget\" data-e-type=\"widget\" data-widget_type=\"heading.default\">\n\t\t\t\t<div class=\"elementor-widget-container\">\n\t\t\t\t\t<h2 class=\"elementor-heading-title elementor-size-default\">Comitato AReMIEM Stati Uniti d'America:\n<\/h2>\t\t\t\t<\/div>\n\t\t\t\t<\/div>\n\t\t\t\t<div class=\"elementor-element elementor-element-dcf7a49 elementor-widget elementor-widget-text-editor\" data-id=\"dcf7a49\" data-element_type=\"widget\" data-e-type=\"widget\" data-widget_type=\"text-editor.default\">\n\t\t\t\t<div class=\"elementor-widget-container\">\n\t\t\t\t\t\t\t\t\t<ul>\n<li><strong>Dr. Lorenzo Gitto<\/strong> <span style=\"text-align: justify;\">MD, ufficio del medico legale della contea di Cook, Chicago, Illinois, Stati Uniti<\/span><\/li>\n<\/ul>\t\t\t\t\t\t\t\t<\/div>\n\t\t\t\t<\/div>\n\t\t\t\t<div class=\"elementor-element elementor-element-8da643e elementor-align-left elementor-mobile-align-center elementor-widget elementor-widget-button\" data-id=\"8da643e\" data-element_type=\"widget\" data-e-type=\"widget\" data-widget_type=\"button.default\">\n\t\t\t\t<div class=\"elementor-widget-container\">\n\t\t\t\t\t\t\t\t\t<div class=\"elementor-button-wrapper\">\n\t\t\t\t\t<a class=\"elementor-button elementor-button-link elementor-size-xl\" href=\"https:\/\/aremiem.com\/contatti\/\">\n\t\t\t\t\t\t<span class=\"elementor-button-content-wrapper\">\n\t\t\t\t\t\t\t\t\t<span class=\"elementor-button-text\">Fai una domanda<\/span>\n\t\t\t\t\t<\/span>\n\t\t\t\t\t<\/a>\n\t\t\t\t<\/div>\n\t\t\t\t\t\t\t\t<\/div>\n\t\t\t\t<\/div>\n\t\t\t\t\t<\/div>\n\t\t<\/div>\n\t\t\t\t<div class=\"elementor-column elementor-col-33 elementor-top-column elementor-element elementor-element-b4b51bd\" data-id=\"b4b51bd\" data-element_type=\"column\" data-e-type=\"column\">\n\t\t\t<div class=\"elementor-widget-wrap\">\n\t\t\t\t\t\t\t<\/div>\n\t\t<\/div>\n\t\t\t\t<div class=\"elementor-column elementor-col-33 elementor-top-column elementor-element elementor-element-b4f14a4\" data-id=\"b4f14a4\" data-element_type=\"column\" data-e-type=\"column\">\n\t\t\t<div class=\"elementor-widget-wrap elementor-element-populated\">\n\t\t\t\t\t\t<div class=\"elementor-element elementor-element-7b839db elementor-widget elementor-widget-image\" data-id=\"7b839db\" data-element_type=\"widget\" data-e-type=\"widget\" data-widget_type=\"image.default\">\n\t\t\t\t<div class=\"elementor-widget-container\">\n\t\t\t\t\t\t\t\t\t\t\t\t\t\t\t<img fetchpriority=\"high\" decoding=\"async\" width=\"283\" height=\"190\" src=\"https:\/\/aremiem.com\/wp-content\/uploads\/2023\/03\/USA.gif\" class=\"attachment-medium size-medium wp-image-2727\" alt=\"\" \/>\t\t\t\t\t\t\t\t\t\t\t\t\t\t\t<\/div>\n\t\t\t\t<\/div>\n\t\t\t\t<div class=\"elementor-element elementor-element-cba4ba3 elementor-widget elementor-widget-text-editor\" data-id=\"cba4ba3\" data-element_type=\"widget\" data-e-type=\"widget\" data-widget_type=\"text-editor.default\">\n\t\t\t\t<div class=\"elementor-widget-container\">\n\t\t\t\t\t\t\t\t\t<div>\n<p><span style=\"font-weight: bolder;\">Informazioni:<\/span><\/p>\n<\/div>\n<ul style=\"font-size: 17px; background-color: #ffffff;\">\n<li style=\"list-style-type: none;\">\n<ul style=\"font-size: 17px; background-color: #ffffff;\">\n<li style=\"font-size: 17px;\">\n<p style=\"font-weight: 400;\"><strong>National Institutes of Health (NIH)<br>\n<\/strong>(<a href=\"https:\/\/https:\/\/https:\/\/www.nih.gov\/\/\">link<\/a>)<\/p>\n<\/li>\n<li style=\"font-size: 17px;\"><b>CDC \u00e8 l&#8217;acronimo di Centers for Disease Control and Prevention<\/b><span style=\"font-weight: 400;\">, che \u00e8 un&#8217;agenzia nazionale di sanit\u00e0 pubblica negli Stati Uniti. La missione del CDC \u00e8 proteggere la salute e la sicurezza pubblica attraverso il controllo e la prevenzione di malattie, lesioni e disabilit\u00e0. L&#8217;agenzia conduce ricerche, fornisce informazioni e istruzione sulla salute, sviluppa e implementa strategie per prevenire e controllare le epidemie di malattie e lavora per promuovere comportamenti e ambienti sani e sicuri<br>\n<a href=\"https:\/\/https:\/\/www.cdc.gov\/\">(link)<\/a><br><br><\/span><\/li>\n<li><b>L&#8217;American Medical Association (AMA) <\/b>\u00e8 un&#8217;organizzazione professionale che rappresenta medici e studenti di medicina negli Stati Uniti. L&#8217;AMA lavora per promuovere gli interessi dei suoi membri e migliorare la salute pubblica sostenendo politiche che promuovono i pi\u00f9 alti standard di cura del paziente e professionalit\u00e0 del medico, oltre a condurre ricerche, fornire istruzione e risorse e sostenere la pratica della medicina&nbsp;<a style=\"font-weight: 400;\" href=\"https:\/\/www.ama-assn.org\" target=\"_blank\" rel=\"noopener\">(link)<\/a><br><br><\/li>\n<li><b>Il National Board of Medical Examiners (NBME)<\/b> \u00e8 un&#8217;organizzazione senza scopo di lucro che funge da organizzazione indipendente e obiettiva responsabile della progettazione e della gestione degli esami standardizzati per la professione medica. L&#8217;NBME \u00e8 stato istituito nel 1915 e da allora ha svolto un ruolo centrale nella valutazione e certificazione di studenti di medicina, residenti e medici negli Stati Uniti.<a style=\"background-color: #ffffff;\" href=\"https:\/\/www.nbme.org\" target=\"_blank\" rel=\"noopener\">(link)<\/a><br><br><\/li>\n<li style=\"font-size: 17px;\"><b>La Federation of State Medical Boards (FSMB)<\/b> \u00e8 un&#8217;organizzazione senza scopo di lucro che rappresenta i 70 consigli medici e osteopatici statali negli Stati Uniti, nonch\u00e9 le autorit\u00e0 di regolamentazione medica a Washington, DC, Porto Rico, Guam e la Vergine degli Stati Uniti Isole. La missione dell&#8217;FSMB \u00e8 supportare i suoi consigli di amministrazione nel loro lavoro di protezione della salute e della sicurezza pubblica promuovendo standard elevati per l&#8217;educazione e la pratica medica<span style=\"background-color: transparent;\">&nbsp;<\/span><a style=\"background-color: #ffffff;\" href=\"https:\/\/www.fsmb.org\" target=\"_blank\" rel=\"noopener\">(link)<\/a><\/li>\n<\/ul>\n<\/li>\n<\/ul>\t\t\t\t\t\t\t\t<\/div>\n\t\t\t\t<\/div>\n\t\t\t\t\t<\/div>\n\t\t<\/div>\n\t\t\t\t\t<\/div>\n\t\t<\/section>\n\t\t\t\t<section class=\"elementor-section elementor-top-section elementor-element elementor-element-0262df4 elementor-section-full_width elementor-section-height-default elementor-section-height-default\" data-id=\"0262df4\" data-element_type=\"section\" data-e-type=\"section\" data-settings=\"{&quot;background_background&quot;:&quot;classic&quot;}\">\n\t\t\t\t\t\t<div class=\"elementor-container elementor-column-gap-default\">\n\t\t\t\t\t<div class=\"elementor-column elementor-col-100 elementor-top-column elementor-element elementor-element-39e618e\" data-id=\"39e618e\" data-element_type=\"column\" data-e-type=\"column\">\n\t\t\t<div class=\"elementor-widget-wrap\">\n\t\t\t\t\t\t\t<\/div>\n\t\t<\/div>\n\t\t\t\t\t<\/div>\n\t\t<\/section>\n\t\t\t\t<\/div>\n\t\t","protected":false},"excerpt":{"rendered":"<p>Stati Uniti d&#8217;America Nighthawks &#8211; Edward Hoppet Comitato AReMIEM Stati Uniti d&#8217;America: Dr. Lorenzo Gitto MD, ufficio del medico legale della contea di Cook, Chicago, Illinois, Stati Uniti Fai una domanda Informazioni: National Institutes of Health (NIH) (link) CDC \u00e8 l&#8217;acronimo di Centers for Disease Control and Prevention, che \u00e8 un&#8217;agenzia nazionale di sanit\u00e0 pubblica [&hellip;]<\/p>\n","protected":false},"author":1,"featured_media":0,"parent":0,"menu_order":0,"comment_status":"closed","ping_status":"closed","template":"elementor_header_footer","meta":{"footnotes":""},"class_list":["post-2774","page","type-page","status-publish","hentry"],"_links":{"self":[{"href":"https:\/\/aremiem.com\/it\/wp-json\/wp\/v2\/pages\/2774","targetHints":{"allow":["GET"]}}],"collection":[{"href":"https:\/\/aremiem.com\/it\/wp-json\/wp\/v2\/pages"}],"about":[{"href":"https:\/\/aremiem.com\/it\/wp-json\/wp\/v2\/types\/page"}],"author":[{"embeddable":true,"href":"https:\/\/aremiem.com\/it\/wp-json\/wp\/v2\/users\/1"}],"replies":[{"embeddable":true,"href":"https:\/\/aremiem.com\/it\/wp-json\/wp\/v2\/comments?post=2774"}],"version-history":[{"count":0,"href":"https:\/\/aremiem.com\/it\/wp-json\/wp\/v2\/pages\/2774\/revisions"}],"wp:attachment":[{"href":"https:\/\/aremiem.com\/it\/wp-json\/wp\/v2\/media?parent=2774"}],"curies":[{"name":"wp","href":"https:\/\/api.w.org\/{rel}","templated":true}]}}