{"id":2752,"date":"2023-02-03T17:32:57","date_gmt":"2023-02-03T17:32:57","guid":{"rendered":"https:\/\/aremiem.com\/comitato-scientifico-formazione\/"},"modified":"2023-07-04T08:16:32","modified_gmt":"2023-07-04T08:16:32","slug":"comitato-scientifico-formazione","status":"publish","type":"page","link":"https:\/\/aremiem.com\/it\/comitato-scientifico-formazione\/","title":{"rendered":"Comitato Scientifico &amp; Formazione"},"content":{"rendered":"\t\t<div data-elementor-type=\"wp-page\" data-elementor-id=\"2752\" class=\"elementor elementor-2752 elementor-447\" data-elementor-post-type=\"page\">\n\t\t\t\t\t\t<section class=\"elementor-section elementor-top-section elementor-element elementor-element-6df20e8 elementor-section-full_width elementor-section-height-min-height elementor-section-height-default elementor-section-items-middle\" data-id=\"6df20e8\" data-element_type=\"section\" data-e-type=\"section\" data-settings=\"{&quot;background_background&quot;:&quot;classic&quot;}\">\n\t\t\t\t\t\t\t<div class=\"elementor-background-overlay\"><\/div>\n\t\t\t\t\t\t\t<div class=\"elementor-container elementor-column-gap-no\">\n\t\t\t\t\t<div class=\"elementor-column elementor-col-100 elementor-top-column elementor-element elementor-element-338c3c6\" data-id=\"338c3c6\" data-element_type=\"column\" data-e-type=\"column\" data-settings=\"{&quot;background_background&quot;:&quot;classic&quot;}\">\n\t\t\t<div class=\"elementor-widget-wrap elementor-element-populated\">\n\t\t\t\t\t<div class=\"elementor-background-overlay\"><\/div>\n\t\t\t\t\t\t<div class=\"elementor-element elementor-element-01a11cb elementor-widget elementor-widget-heading\" data-id=\"01a11cb\" data-element_type=\"widget\" data-e-type=\"widget\" data-widget_type=\"heading.default\">\n\t\t\t\t<div class=\"elementor-widget-container\">\n\t\t\t\t\t<h2 class=\"elementor-heading-title elementor-size-default\">Comitato Scientifico &amp; Formazione<\/h2>\t\t\t\t<\/div>\n\t\t\t\t<\/div>\n\t\t\t\t\t<\/div>\n\t\t<\/div>\n\t\t\t\t\t<\/div>\n\t\t<\/section>\n\t\t\t\t<section class=\"elementor-section elementor-top-section elementor-element elementor-element-4fd484b elementor-section-boxed elementor-section-height-default elementor-section-height-default\" data-id=\"4fd484b\" data-element_type=\"section\" data-e-type=\"section\">\n\t\t\t\t\t\t<div class=\"elementor-container elementor-column-gap-default\">\n\t\t\t\t\t<div class=\"elementor-column elementor-col-100 elementor-top-column elementor-element elementor-element-ad3d35d\" data-id=\"ad3d35d\" data-element_type=\"column\" data-e-type=\"column\">\n\t\t\t<div class=\"elementor-widget-wrap elementor-element-populated\">\n\t\t\t\t\t\t<div class=\"elementor-element elementor-element-d0947f0 elementor-widget elementor-widget-heading\" data-id=\"d0947f0\" data-element_type=\"widget\" data-e-type=\"widget\" data-widget_type=\"heading.default\">\n\t\t\t\t<div class=\"elementor-widget-container\">\n\t\t\t\t\t<h2 class=\"elementor-heading-title elementor-size-default\">Comitato Scientifico &amp; Formazione <\/h2>\t\t\t\t<\/div>\n\t\t\t\t<\/div>\n\t\t\t\t<div class=\"elementor-element elementor-element-e70f041 elementor-widget elementor-widget-text-editor\" data-id=\"e70f041\" data-element_type=\"widget\" data-e-type=\"widget\" data-widget_type=\"text-editor.default\">\n\t\t\t\t<div class=\"elementor-widget-container\">\n\t\t\t\t\t\t\t\t\t<p>AReMIEM promuove la ricerca scientifica e la formazione medica a livello internazionale. Gli scambi interculturali tra i vari Paesi determinano un arricchimento umano del singolo e favoriscono interconnessioni professionali preziose per la comunit\u00e0 medica.<\/p>\n<p><b>Ricerca e formazione <\/b><\/p>\n<ul>\n<li><strong>Marco Vismara<\/strong> Medico, genetista, Presidente di lightScience srl, Como, Italia<\/li>\n<li><strong>Cristiano Spadaccio<\/strong> MD, PhD Consulente in cardiochirurgia Chirurgia cardiotoracica, Blackpool Victoria Hospital, Blackpool, Regno Unito<\/li>\n<li><strong>Luca Pio<\/strong> Medico chirurgo pediatrico, Learning Planet Institut, universit\u00e9 de Paris, Francia<\/li>\n<li><strong>Guido Liddo<\/strong> MD, Chirurgia Digestiva e Trapianti, CHU Hopital L&#8217;Archet, Nizza, Francia<\/li>\n<li><strong>Giorgina Piccoli<\/strong> MD, PhD Direttore del centro di nefrologia Le Mans, Francia<\/li>\n<li><strong>Simona Liliana<\/strong> MD PhD neurology, Headache Clinic, Saint Nicolas, Belgio<\/li>\n<li><strong>Gianluca Donatini<\/strong> MD, PhD Chirurgia viscerale ed endocrina CHU Poitiers, Francia<\/li>\n<li><strong>Lorenzo Gitto<\/strong> MD, ufficio del medico legale della contea di Cook, Chicago, Illinois, Stati Uniti<\/li>\n<li><strong>Marco Mafrici <\/strong>MD PhD, oftalmologo, CH Ales, Francia<\/li>\n<li><strong>Giuseppe Mangiameli<\/strong> MD, chirurgo toracico Milano, Italia<\/li>\n<li><b>Alessandro Catanese <\/b>MD, radiologo, Barcellona, Spagna<\/li>\n<li><strong>David Rose<\/strong> \u2013 MD, PhD Consulente in cardiochirurgia Chirurgia cardiotoracica, Blackpool Victoria Hospital, Blackpool, Regno Unito<\/li>\n<li><strong>Riccardo Zannoni<\/strong> Neuroradiologo del Regno Unito, a Ninewells, NHS Tayside, Dundee, Regno Unito<\/li>\n<li><strong>Francesco Macr\u00ec<\/strong> MD PhD Radiologo, Ginevra, Svizzera<\/li>\n<li><strong>Giacomo Serboli<\/strong> Ginecologo a Brian\u00e7on, Francia<\/li>\n<li><b>Filippo Pigazzani<\/b> cardiologo ricercatore, Universit\u00e0 di Dundee, Scozia, Regno Unito<\/li>\n<li><b>Antonio Minniti<\/b> Chef De Service Chirurgia toracica, CHU de Pau Francia<\/li>\n<li><b>Giorgio Albanese<\/b> Oculista, Queen&#8217;s Medical Centre, University Hospitals NHS Trust, Nottingham, Regno Unito<\/li>\n<li><b>Elia Gigante <\/b>Medico, gastroenterologo, CHU Hopital Robert Debr\u00e9, Reims, Francia<\/li>\n<li><strong>Mario Tecame <\/strong>Neuroradiologo, Hospital de la Santa Creu i Sant Pau, Barcellona, Spagna<\/li>\n<li>\n<div><span lang=\"FR\"><strong>Giacomo Serboli<\/strong>, MD, Ch des Escartons, Brian\u00e7on Gyn\u00e9cologie, Brian\u00e7on, Francia<\/span><\/div>\n<\/li>\n<li>\n<div><span lang=\"FR\"><strong>Barbara Casolla<\/strong>, MD, PhD, Stroke Unit, CHU Pasteur 2, Universit\u00e0 Nice Cote d&#8217;Azur, Nizza, Francia<\/span><\/div>\n<\/li>\n<\/ul>\t\t\t\t\t\t\t\t<\/div>\n\t\t\t\t<\/div>\n\t\t\t\t\t<\/div>\n\t\t<\/div>\n\t\t\t\t\t<\/div>\n\t\t<\/section>\n\t\t\t\t<\/div>\n\t\t","protected":false},"excerpt":{"rendered":"<p>Comitato Scientifico &amp; Formazione Comitato Scientifico &amp; Formazione AReMIEM promuove la ricerca scientifica e la formazione medica a livello internazionale. Gli scambi interculturali tra i vari Paesi determinano un arricchimento umano del singolo e favoriscono interconnessioni professionali preziose per la comunit\u00e0 medica. Ricerca e formazione Marco Vismara Medico, genetista, Presidente di lightScience srl, Como, Italia [&hellip;]<\/p>\n","protected":false},"author":1,"featured_media":0,"parent":0,"menu_order":0,"comment_status":"closed","ping_status":"closed","template":"elementor_header_footer","meta":{"footnotes":""},"class_list":["post-2752","page","type-page","status-publish","hentry"],"_links":{"self":[{"href":"https:\/\/aremiem.com\/it\/wp-json\/wp\/v2\/pages\/2752","targetHints":{"allow":["GET"]}}],"collection":[{"href":"https:\/\/aremiem.com\/it\/wp-json\/wp\/v2\/pages"}],"about":[{"href":"https:\/\/aremiem.com\/it\/wp-json\/wp\/v2\/types\/page"}],"author":[{"embeddable":true,"href":"https:\/\/aremiem.com\/it\/wp-json\/wp\/v2\/users\/1"}],"replies":[{"embeddable":true,"href":"https:\/\/aremiem.com\/it\/wp-json\/wp\/v2\/comments?post=2752"}],"version-history":[{"count":0,"href":"https:\/\/aremiem.com\/it\/wp-json\/wp\/v2\/pages\/2752\/revisions"}],"wp:attachment":[{"href":"https:\/\/aremiem.com\/it\/wp-json\/wp\/v2\/media?parent=2752"}],"curies":[{"name":"wp","href":"https:\/\/api.w.org\/{rel}","templated":true}]}}