{"id":2748,"date":"2023-02-03T17:28:43","date_gmt":"2023-02-03T17:28:43","guid":{"rendered":"https:\/\/aremiem.com\/mission\/"},"modified":"2023-05-26T16:58:13","modified_gmt":"2023-05-26T16:58:13","slug":"mission","status":"publish","type":"page","link":"https:\/\/aremiem.com\/it\/mission\/","title":{"rendered":"Mission"},"content":{"rendered":"\t\t<div data-elementor-type=\"wp-page\" data-elementor-id=\"2748\" class=\"elementor elementor-2748 elementor-439\" data-elementor-post-type=\"page\">\n\t\t\t\t\t\t<section class=\"elementor-section elementor-top-section elementor-element elementor-element-11650083 elementor-section-full_width elementor-section-height-min-height elementor-section-height-default elementor-section-items-middle\" data-id=\"11650083\" data-element_type=\"section\" data-e-type=\"section\" data-settings=\"{&quot;background_background&quot;:&quot;classic&quot;}\">\n\t\t\t\t\t\t\t<div class=\"elementor-background-overlay\"><\/div>\n\t\t\t\t\t\t\t<div class=\"elementor-container elementor-column-gap-no\">\n\t\t\t\t\t<div class=\"elementor-column elementor-col-100 elementor-top-column elementor-element elementor-element-6bf94d2a\" data-id=\"6bf94d2a\" data-element_type=\"column\" data-e-type=\"column\" data-settings=\"{&quot;background_background&quot;:&quot;classic&quot;}\">\n\t\t\t<div class=\"elementor-widget-wrap elementor-element-populated\">\n\t\t\t\t\t<div class=\"elementor-background-overlay\"><\/div>\n\t\t\t\t\t\t<div class=\"elementor-element elementor-element-69f70a1 elementor-widget elementor-widget-heading\" data-id=\"69f70a1\" data-element_type=\"widget\" data-e-type=\"widget\" data-widget_type=\"heading.default\">\n\t\t\t\t<div class=\"elementor-widget-container\">\n\t\t\t\t\t<h2 class=\"elementor-heading-title elementor-size-default\">Mission<\/h2>\t\t\t\t<\/div>\n\t\t\t\t<\/div>\n\t\t\t\t\t<\/div>\n\t\t<\/div>\n\t\t\t\t\t<\/div>\n\t\t<\/section>\n\t\t\t\t<section class=\"elementor-section elementor-top-section elementor-element elementor-element-1d23a30 elementor-section-boxed elementor-section-height-default elementor-section-height-default\" data-id=\"1d23a30\" data-element_type=\"section\" data-e-type=\"section\" data-settings=\"{&quot;background_background&quot;:&quot;classic&quot;}\">\n\t\t\t\t\t\t<div class=\"elementor-container elementor-column-gap-default\">\n\t\t\t\t\t<div class=\"elementor-column elementor-col-100 elementor-top-column elementor-element elementor-element-0e12351\" data-id=\"0e12351\" data-element_type=\"column\" data-e-type=\"column\">\n\t\t\t<div class=\"elementor-widget-wrap elementor-element-populated\">\n\t\t\t\t\t\t<div class=\"elementor-element elementor-element-090be64 elementor-widget elementor-widget-heading\" data-id=\"090be64\" data-element_type=\"widget\" data-e-type=\"widget\" data-widget_type=\"heading.default\">\n\t\t\t\t<div class=\"elementor-widget-container\">\n\t\t\t\t\t<h2 class=\"elementor-heading-title elementor-size-default\">Il nostro motto <br>\u201cla conoscenza deve essere condivisa, \nil sapere deve essere trasmesso e\nla salute deve essere diffusa\u201d<\/h2>\t\t\t\t<\/div>\n\t\t\t\t<\/div>\n\t\t\t\t<div class=\"elementor-element elementor-element-500d047 elementor-widget elementor-widget-text-editor\" data-id=\"500d047\" data-element_type=\"widget\" data-e-type=\"widget\" data-widget_type=\"text-editor.default\">\n\t\t\t\t<div class=\"elementor-widget-container\">\n\t\t\t\t\t\t\t\t\t<div><p>L\u2019 Associazione Rete Medici Italiani in Europa e nel Mondo (AReMIEM) \u00e8 una societ\u00e0 scientifica costituita da medici e chirurghi italiani o comunque medici formatisi in Italia che\u00a0svolgono\u00a0la loro attivit\u00e0 professionale in un paese europeo, Italia compresa o in un altro stato nel mondo. L\u2019 Associazione ReMIEM non ha carattere sindacale ed \u00e8 apolitica, apartitica, aconfessionale, indipendente da qualsiasi altra associazione, ente pubblico e\/o privato. Essa opera senza fini di lucro nell\u2019ambito sanitario nazionale e internazionale e persegue le seguenti finalit\u00e0:<\/p><ul style=\"font-weight: 400;\"><li>promuove la creazione di un Sistema Sanitario Europeo e la cooperazione sanitaria-scientifico-formativa degli Stati membri;<\/li><li>riconosce la dimensione internazionale della figura professionale medica;<\/li><li>si fa interprete del fenomeno della mobilit\u00e0 dei medici e della dimensione transfrontaliera delle cure sanitarie;<\/li><li>promuove la collaborazione e l\u2019interscambio delle conoscenze tra medici italiani e stranieri operanti nei diversi paesi europei e del mondo, anche utilizzando nuovi mezzi e sistemi di comunicazione tecnologicamente innovativi;<\/li><li>promuove scambi interculturali e professionali dei medici in Europa e nel mondo;<\/li><li>sostiene i medici che per motivi formativi, professionali, lavorativi, familiari decidono di proseguire il proprio percorso di vita in un paese europeo o extraeuropeo, o viceversa decidano di ritornare a svolgere la loro professione in Italia;<\/li><li>promuove la ricerca di nuove soluzioni tecnologiche e sanitarie, promuove la formulazione di nuovi sistemi sanitari per rispondere alla domanda di salute nei diversi paesi;<\/li><li>si apre al dialogo per rappresentare i diritti dei medici, nonch\u00e9 le loro istanze, nelle istituzioni, negli enti, nelle associazioni o societ\u00e0 nel rispetto delle regolamentazioni e norme vigenti nei singoli paesi, in Italia, in Europa e nel mondo;<\/li><li>favorisce il dialogo e la collaborazione con associazioni e organizzazioni operanti nel contesto sanitario e della salute, in Italia in Europa e nel Mondo, al fine di difendere il diritto alla salute dei cittadini e il progresso scientifico medico;<\/li><li>La Rete dei Medici Italiani in Europa e nel Mondo si propone come riferimento sanitario per i cittadini italiani all\u2019estero e come sostegno per accedere alle cure sanitarie nel paese estero.<\/li><\/ul><p style=\"font-weight: 400;\">\u00a0<\/p><p style=\"font-weight: 400;\">L\u2019Associazione \u201cReMIEM\u201d pu\u00f2 relazionarsi con altre realt\u00e0 associative, professionali e non, che presentino analoghe finalit\u00e0.<\/p><p style=\"font-weight: 400;\">\u00a0<\/p><\/div>\t\t\t\t\t\t\t\t<\/div>\n\t\t\t\t<\/div>\n\t\t\t\t\t<\/div>\n\t\t<\/div>\n\t\t\t\t\t<\/div>\n\t\t<\/section>\n\t\t\t\t<\/div>\n\t\t","protected":false},"excerpt":{"rendered":"<p>Mission Il nostro motto \u201cla conoscenza deve essere condivisa, il sapere deve essere trasmesso e la salute deve essere diffusa\u201d L\u2019 Associazione Rete Medici Italiani in Europa e nel Mondo (AReMIEM) \u00e8 una societ\u00e0 scientifica costituita da medici e chirurghi italiani o comunque medici formatisi in Italia che\u00a0svolgono\u00a0la loro attivit\u00e0 professionale in un paese europeo, [&hellip;]<\/p>\n","protected":false},"author":1,"featured_media":0,"parent":0,"menu_order":0,"comment_status":"closed","ping_status":"closed","template":"elementor_header_footer","meta":{"footnotes":""},"class_list":["post-2748","page","type-page","status-publish","hentry"],"_links":{"self":[{"href":"https:\/\/aremiem.com\/it\/wp-json\/wp\/v2\/pages\/2748","targetHints":{"allow":["GET"]}}],"collection":[{"href":"https:\/\/aremiem.com\/it\/wp-json\/wp\/v2\/pages"}],"about":[{"href":"https:\/\/aremiem.com\/it\/wp-json\/wp\/v2\/types\/page"}],"author":[{"embeddable":true,"href":"https:\/\/aremiem.com\/it\/wp-json\/wp\/v2\/users\/1"}],"replies":[{"embeddable":true,"href":"https:\/\/aremiem.com\/it\/wp-json\/wp\/v2\/comments?post=2748"}],"version-history":[{"count":0,"href":"https:\/\/aremiem.com\/it\/wp-json\/wp\/v2\/pages\/2748\/revisions"}],"wp:attachment":[{"href":"https:\/\/aremiem.com\/it\/wp-json\/wp\/v2\/media?parent=2748"}],"curies":[{"name":"wp","href":"https:\/\/api.w.org\/{rel}","templated":true}]}}