{"id":6220,"date":"2023-08-04T14:47:03","date_gmt":"2023-08-04T14:47:03","guid":{"rendered":"https:\/\/aremiem.com\/republique-tcheque\/"},"modified":"2025-07-01T14:41:35","modified_gmt":"2025-07-01T14:41:35","slug":"republique-tcheque","status":"publish","type":"page","link":"https:\/\/aremiem.com\/fr\/republique-tcheque\/","title":{"rendered":"R\u00e9publique tch\u00e8que"},"content":{"rendered":"\t\t<div data-elementor-type=\"wp-page\" data-elementor-id=\"6220\" class=\"elementor elementor-6220 elementor-3985\" data-elementor-post-type=\"page\">\n\t\t\t\t\t\t<section class=\"elementor-section elementor-top-section elementor-element elementor-element-f4e8800 elementor-section-full_width elementor-section-height-min-height elementor-section-height-default elementor-section-items-middle\" data-id=\"f4e8800\" data-element_type=\"section\" data-e-type=\"section\" data-settings=\"{&quot;background_background&quot;:&quot;classic&quot;}\">\n\t\t\t\t\t\t\t<div class=\"elementor-background-overlay\"><\/div>\n\t\t\t\t\t\t\t<div class=\"elementor-container elementor-column-gap-default\">\n\t\t\t\t\t<div class=\"elementor-column elementor-col-100 elementor-top-column elementor-element elementor-element-696d1f2\" data-id=\"696d1f2\" data-element_type=\"column\" data-e-type=\"column\" data-settings=\"{&quot;background_background&quot;:&quot;classic&quot;}\">\n\t\t\t<div class=\"elementor-widget-wrap elementor-element-populated\">\n\t\t\t\t\t\t<div class=\"elementor-element elementor-element-6997dce elementor-widget elementor-widget-heading\" data-id=\"6997dce\" data-element_type=\"widget\" data-e-type=\"widget\" data-widget_type=\"heading.default\">\n\t\t\t\t<div class=\"elementor-widget-container\">\n\t\t\t\t\t<h2 class=\"elementor-heading-title elementor-size-default\">R\u00e9publique tch\u00e8que<br><\/h2>\t\t\t\t<\/div>\n\t\t\t\t<\/div>\n\t\t\t\t<div class=\"elementor-element elementor-element-c992a72 elementor-widget elementor-widget-text-editor\" data-id=\"c992a72\" data-element_type=\"widget\" data-e-type=\"widget\" data-widget_type=\"text-editor.default\">\n\t\t\t\t<div class=\"elementor-widget-container\">\n\t\t\t\t\t\t\t\t\t<p style=\"margin-bottom: 0cm; line-height: 100%;\">Prague<\/p>\t\t\t\t\t\t\t\t<\/div>\n\t\t\t\t<\/div>\n\t\t\t\t\t<\/div>\n\t\t<\/div>\n\t\t\t\t\t<\/div>\n\t\t<\/section>\n\t\t\t\t<section class=\"elementor-section elementor-top-section elementor-element elementor-element-1cb0454 elementor-section-full_width elementor-section-height-default elementor-section-height-default\" data-id=\"1cb0454\" data-element_type=\"section\" data-e-type=\"section\" data-settings=\"{&quot;background_background&quot;:&quot;classic&quot;}\">\n\t\t\t\t\t\t<div class=\"elementor-container elementor-column-gap-default\">\n\t\t\t\t\t<div class=\"elementor-column elementor-col-33 elementor-top-column elementor-element elementor-element-3a51376\" data-id=\"3a51376\" data-element_type=\"column\" data-e-type=\"column\">\n\t\t\t<div class=\"elementor-widget-wrap elementor-element-populated\">\n\t\t\t\t\t\t<div class=\"elementor-element elementor-element-607fc20 elementor-widget elementor-widget-heading\" data-id=\"607fc20\" data-element_type=\"widget\" data-e-type=\"widget\" data-widget_type=\"heading.default\">\n\t\t\t\t<div class=\"elementor-widget-container\">\n\t\t\t\t\t<h2 class=\"elementor-heading-title elementor-size-default\">Comit\u00e9 AReMIEM R\u00e9publique tch\u00e8que :<\/h2>\t\t\t\t<\/div>\n\t\t\t\t<\/div>\n\t\t\t\t<div class=\"elementor-element elementor-element-dcf7a49 elementor-widget elementor-widget-text-editor\" data-id=\"dcf7a49\" data-element_type=\"widget\" data-e-type=\"widget\" data-widget_type=\"text-editor.default\">\n\t\t\t\t<div class=\"elementor-widget-container\">\n\t\t\t\t\t\t\t\t\t<ul><li><strong>Dr Lorenzo Angelotti,<\/strong> anesth\u00e9siste, <i>Pardubice<\/i><\/li><\/ul>\t\t\t\t\t\t\t\t<\/div>\n\t\t\t\t<\/div>\n\t\t\t\t<div class=\"elementor-element elementor-element-8da643e elementor-align-left elementor-mobile-align-center elementor-widget elementor-widget-button\" data-id=\"8da643e\" data-element_type=\"widget\" data-e-type=\"widget\" data-widget_type=\"button.default\">\n\t\t\t\t<div class=\"elementor-widget-container\">\n\t\t\t\t\t\t\t\t\t<div class=\"elementor-button-wrapper\">\n\t\t\t\t\t<a class=\"elementor-button elementor-button-link elementor-size-xl\" href=\"https:\/\/aremiem.com\/contatti\/\">\n\t\t\t\t\t\t<span class=\"elementor-button-content-wrapper\">\n\t\t\t\t\t\t\t\t\t<span class=\"elementor-button-text\">Poser une question<\/span>\n\t\t\t\t\t<\/span>\n\t\t\t\t\t<\/a>\n\t\t\t\t<\/div>\n\t\t\t\t\t\t\t\t<\/div>\n\t\t\t\t<\/div>\n\t\t\t\t\t<\/div>\n\t\t<\/div>\n\t\t\t\t<div class=\"elementor-column elementor-col-33 elementor-top-column elementor-element elementor-element-b4b51bd\" data-id=\"b4b51bd\" data-element_type=\"column\" data-e-type=\"column\">\n\t\t\t<div class=\"elementor-widget-wrap\">\n\t\t\t\t\t\t\t<\/div>\n\t\t<\/div>\n\t\t\t\t<div class=\"elementor-column elementor-col-33 elementor-top-column elementor-element elementor-element-b4f14a4\" data-id=\"b4f14a4\" data-element_type=\"column\" data-e-type=\"column\">\n\t\t\t<div class=\"elementor-widget-wrap elementor-element-populated\">\n\t\t\t\t\t\t<div class=\"elementor-element elementor-element-7b839db elementor-widget elementor-widget-image\" data-id=\"7b839db\" data-element_type=\"widget\" data-e-type=\"widget\" data-widget_type=\"image.default\">\n\t\t\t\t<div class=\"elementor-widget-container\">\n\t\t\t\t\t\t\t\t\t\t\t\t\t\t\t<img fetchpriority=\"high\" decoding=\"async\" width=\"300\" height=\"199\" src=\"https:\/\/aremiem.com\/wp-content\/uploads\/2025\/06\/czech-flag-depicted-on-folded-wavy-fabric-of-old-cloth-300x199.jpg\" class=\"attachment-medium size-medium wp-image-6085\" alt=\"\" srcset=\"https:\/\/aremiem.com\/wp-content\/uploads\/2025\/06\/czech-flag-depicted-on-folded-wavy-fabric-of-old-cloth-300x199.jpg 300w, https:\/\/aremiem.com\/wp-content\/uploads\/2025\/06\/czech-flag-depicted-on-folded-wavy-fabric-of-old-cloth-1024x678.jpg 1024w, https:\/\/aremiem.com\/wp-content\/uploads\/2025\/06\/czech-flag-depicted-on-folded-wavy-fabric-of-old-cloth-768x508.jpg 768w, https:\/\/aremiem.com\/wp-content\/uploads\/2025\/06\/czech-flag-depicted-on-folded-wavy-fabric-of-old-cloth-1536x1017.jpg 1536w, https:\/\/aremiem.com\/wp-content\/uploads\/2025\/06\/czech-flag-depicted-on-folded-wavy-fabric-of-old-cloth.jpg 2000w\" sizes=\"(max-width: 300px) 100vw, 300px\" \/>\t\t\t\t\t\t\t\t\t\t\t\t\t\t\t<\/div>\n\t\t\t\t<\/div>\n\t\t\t\t<div class=\"elementor-element elementor-element-55ef091 elementor-hidden-desktop elementor-hidden-tablet elementor-hidden-mobile elementor-widget elementor-widget-text-editor\" data-id=\"55ef091\" data-element_type=\"widget\" data-e-type=\"widget\" data-widget_type=\"text-editor.default\">\n\t\t\t\t<div class=\"elementor-widget-container\">\n\t\t\t\t\t\t\t\t\t<p><span style=\"font-weight: bolder; background-color: transparent;\">Rapport des traducteurs belges italiens :&nbsp;<\/span><\/p>\n<p><\/p>\n<p><span style=\"font-weight: bolder;\">Espace citoyen \u00e0 l&rsquo;\u00e9tranger :&nbsp;<\/span><\/p>\n<p><\/p>\n<ul style=\"background-color: rgb(255, 255, 255);\">\n<li style=\"font-size: 17px;\">Contrat d&rsquo;assurance pour les citoyens italiens \u00e0 l&rsquo;\u00e9tranger&nbsp;<\/li>\n<li style=\"\">Comment obtenir la carte Vital pour acc\u00e9der aux soins essentiels<br><\/li>\n<\/ul>\t\t\t\t\t\t\t\t<\/div>\n\t\t\t\t<\/div>\n\t\t\t\t\t<\/div>\n\t\t<\/div>\n\t\t\t\t\t<\/div>\n\t\t<\/section>\n\t\t\t\t<section class=\"elementor-section elementor-top-section elementor-element elementor-element-0262df4 elementor-section-full_width elementor-section-height-default elementor-section-height-default\" data-id=\"0262df4\" data-element_type=\"section\" data-e-type=\"section\" data-settings=\"{&quot;background_background&quot;:&quot;classic&quot;}\">\n\t\t\t\t\t\t<div class=\"elementor-container elementor-column-gap-default\">\n\t\t\t\t\t<div class=\"elementor-column elementor-col-100 elementor-top-column elementor-element elementor-element-39e618e elementor-hidden-desktop elementor-hidden-tablet elementor-hidden-mobile\" data-id=\"39e618e\" data-element_type=\"column\" data-e-type=\"column\">\n\t\t\t<div class=\"elementor-widget-wrap elementor-element-populated\">\n\t\t\t\t\t\t<div class=\"elementor-element elementor-element-943d67a elementor-grid-3 elementor-grid-tablet-2 elementor-grid-mobile-1 elementor-posts--thumbnail-top elementor-posts--show-avatar elementor-card-shadow-yes elementor-posts__hover-gradient elementor-widget elementor-widget-posts\" data-id=\"943d67a\" data-element_type=\"widget\" data-e-type=\"widget\" data-settings=\"{&quot;cards_columns&quot;:&quot;3&quot;,&quot;cards_columns_tablet&quot;:&quot;2&quot;,&quot;cards_columns_mobile&quot;:&quot;1&quot;,&quot;cards_row_gap&quot;:{&quot;unit&quot;:&quot;px&quot;,&quot;size&quot;:35,&quot;sizes&quot;:[]},&quot;cards_row_gap_tablet&quot;:{&quot;unit&quot;:&quot;px&quot;,&quot;size&quot;:&quot;&quot;,&quot;sizes&quot;:[]},&quot;cards_row_gap_mobile&quot;:{&quot;unit&quot;:&quot;px&quot;,&quot;size&quot;:&quot;&quot;,&quot;sizes&quot;:[]}}\" data-widget_type=\"posts.cards\">\n\t\t\t\t<div class=\"elementor-widget-container\">\n\t\t\t\t\t\t\t<div class=\"elementor-posts-container elementor-posts elementor-posts--skin-cards elementor-grid\" role=\"list\">\n\t\t\t\t<article class=\"elementor-post elementor-grid-item post-6612 post type-post status-publish format-standard has-post-thumbnail hentry category-news-fr-2 category-nouvelles\" role=\"listitem\">\n\t\t\t<div class=\"elementor-post__card\">\n\t\t\t\t<a class=\"elementor-post__thumbnail__link\" href=\"https:\/\/aremiem.com\/fr\/dallitalia-agli-stati-uniti-il-medico-legale-italiano-che-indaga-su-omicidi-e-morti-misteriose-a-chicago\/\" tabindex=\"-1\"><div class=\"elementor-post__thumbnail\"><img decoding=\"async\" width=\"1008\" height=\"1058\" src=\"https:\/\/aremiem.com\/wp-content\/uploads\/2026\/03\/da-sistemare.jpg\" class=\"attachment-full size-full wp-image-6615\" alt=\"medico legale lorenzo gitto\" srcset=\"https:\/\/aremiem.com\/wp-content\/uploads\/2026\/03\/da-sistemare.jpg 1008w, https:\/\/aremiem.com\/wp-content\/uploads\/2026\/03\/da-sistemare-286x300.jpg 286w, https:\/\/aremiem.com\/wp-content\/uploads\/2026\/03\/da-sistemare-976x1024.jpg 976w, https:\/\/aremiem.com\/wp-content\/uploads\/2026\/03\/da-sistemare-768x806.jpg 768w\" sizes=\"(max-width: 1008px) 100vw, 1008px\" \/><\/div><\/a>\n\t\t\t\t<div class=\"elementor-post__badge\">News<\/div>\n\t\t\t\t<div class=\"elementor-post__avatar\">\n\t\t\t<img alt='admin' src='https:\/\/secure.gravatar.com\/avatar\/1db3de856fc5420b62a6e73944eb328d81f243b9dcbc344e77afd539d88cbbfd?s=128&#038;d=mm&#038;r=g' srcset='https:\/\/secure.gravatar.com\/avatar\/1db3de856fc5420b62a6e73944eb328d81f243b9dcbc344e77afd539d88cbbfd?s=256&#038;d=mm&#038;r=g 2x' class='avatar avatar-128 photo' height='128' width='128' \/>\t\t<\/div>\n\t\t\t\t<div class=\"elementor-post__text\">\n\t\t\t\t<h3 class=\"elementor-post__title\">\n\t\t\t<a href=\"https:\/\/aremiem.com\/fr\/dallitalia-agli-stati-uniti-il-medico-legale-italiano-che-indaga-su-omicidi-e-morti-misteriose-a-chicago\/\">\n\t\t\t\tDall\u2019Italia agli Stati Uniti: il medico legale italiano che indaga su omicidi e morti misteriose a Chicago\t\t\t<\/a>\n\t\t<\/h3>\n\t\t\t\t<div class=\"elementor-post__excerpt\">\n\t\t\t<p>Ogni giorno, nell\u2019ufficio di patologia forense della citt\u00e0 di Chicago, nello stato dell\u2019Illinois, arrivano corpi che raccontano storie diverse: omicidi, overdose, incidenti, morti improvvise e<\/p>\n\t\t<\/div>\n\t\t\n\t\t<a class=\"elementor-post__read-more\" href=\"https:\/\/aremiem.com\/fr\/dallitalia-agli-stati-uniti-il-medico-legale-italiano-che-indaga-su-omicidi-e-morti-misteriose-a-chicago\/\" aria-label=\"En savoir plus sur Dall\u2019Italia agli Stati Uniti: il medico legale italiano che indaga su omicidi e morti misteriose a Chicago\" tabindex=\"-1\">\n\t\t\tEn savoir plus \u00bb\t\t<\/a>\n\n\t\t\t\t<\/div>\n\t\t\t\t<div class=\"elementor-post__meta-data\">\n\t\t\t\t\t<span class=\"elementor-post-date\">\n\t\t\t18 mars 2026\t\t<\/span>\n\t\t\t\t<\/div>\n\t\t\t\t\t<\/div>\n\t\t<\/article>\n\t\t\t\t<article class=\"elementor-post elementor-grid-item post-6598 post type-post status-publish format-standard has-post-thumbnail hentry category-news-fr-2 category-nouvelles\" role=\"listitem\">\n\t\t\t<div class=\"elementor-post__card\">\n\t\t\t\t<a class=\"elementor-post__thumbnail__link\" href=\"https:\/\/aremiem.com\/fr\/fare-il-medico-in-germania-da-subito-in-trincea-a-farsi-le-ossa-in-ospedale\/\" tabindex=\"-1\"><div class=\"elementor-post__thumbnail\"><img decoding=\"async\" width=\"880\" height=\"991\" src=\"https:\/\/aremiem.com\/wp-content\/uploads\/2026\/03\/rizzuto.jpg\" class=\"attachment-full size-full wp-image-6593\" alt=\"medico in germania\" srcset=\"https:\/\/aremiem.com\/wp-content\/uploads\/2026\/03\/rizzuto.jpg 880w, https:\/\/aremiem.com\/wp-content\/uploads\/2026\/03\/rizzuto-266x300.jpg 266w, https:\/\/aremiem.com\/wp-content\/uploads\/2026\/03\/rizzuto-768x865.jpg 768w\" sizes=\"(max-width: 880px) 100vw, 880px\" \/><\/div><\/a>\n\t\t\t\t<div class=\"elementor-post__badge\">News<\/div>\n\t\t\t\t<div class=\"elementor-post__avatar\">\n\t\t\t<img alt='admin' src='https:\/\/secure.gravatar.com\/avatar\/1db3de856fc5420b62a6e73944eb328d81f243b9dcbc344e77afd539d88cbbfd?s=128&#038;d=mm&#038;r=g' srcset='https:\/\/secure.gravatar.com\/avatar\/1db3de856fc5420b62a6e73944eb328d81f243b9dcbc344e77afd539d88cbbfd?s=256&#038;d=mm&#038;r=g 2x' class='avatar avatar-128 photo' height='128' width='128' \/>\t\t<\/div>\n\t\t\t\t<div class=\"elementor-post__text\">\n\t\t\t\t<h3 class=\"elementor-post__title\">\n\t\t\t<a href=\"https:\/\/aremiem.com\/fr\/fare-il-medico-in-germania-da-subito-in-trincea-a-farsi-le-ossa-in-ospedale\/\">\n\t\t\t\t\u00ab\u00a0Fare il medico in Germania? Da subito in trincea a farsi le ossa in ospedale\u00a0\u00bb\t\t\t<\/a>\n\t\t<\/h3>\n\t\t\t\t<div class=\"elementor-post__excerpt\">\n\t\t\t<p>Gian Marco Rizzuti lascia la Sicilia nel 2012 con una laurea in Medicina in tasca e nessuna prospettiva concreta. Dodici anni dopo lavora come affermato<\/p>\n\t\t<\/div>\n\t\t\n\t\t<a class=\"elementor-post__read-more\" href=\"https:\/\/aremiem.com\/fr\/fare-il-medico-in-germania-da-subito-in-trincea-a-farsi-le-ossa-in-ospedale\/\" aria-label=\"En savoir plus sur \u00ab\u00a0Fare il medico in Germania? Da subito in trincea a farsi le ossa in ospedale\u00a0\u00bb\" tabindex=\"-1\">\n\t\t\tEn savoir plus \u00bb\t\t<\/a>\n\n\t\t\t\t<\/div>\n\t\t\t\t<div class=\"elementor-post__meta-data\">\n\t\t\t\t\t<span class=\"elementor-post-date\">\n\t\t\t10 mars 2026\t\t<\/span>\n\t\t\t\t<\/div>\n\t\t\t\t\t<\/div>\n\t\t<\/article>\n\t\t\t\t<article class=\"elementor-post elementor-grid-item post-6585 post type-post status-publish format-standard has-post-thumbnail hentry category-news-fr-2 category-nouvelles\" role=\"listitem\">\n\t\t\t<div class=\"elementor-post__card\">\n\t\t\t\t<a class=\"elementor-post__thumbnail__link\" href=\"https:\/\/aremiem.com\/fr\/semplificazione-pharma-package-digitalizzazione-e-nuovi-processi-ue\/\" tabindex=\"-1\"><div class=\"elementor-post__thumbnail\"><img loading=\"lazy\" decoding=\"async\" width=\"753\" height=\"509\" src=\"https:\/\/aremiem.com\/wp-content\/uploads\/2026\/02\/81de9a52-a54b-48a0-8511-ab2e6363dce5-1.jpg\" class=\"attachment-full size-full wp-image-6582\" alt=\"pharma package\" srcset=\"https:\/\/aremiem.com\/wp-content\/uploads\/2026\/02\/81de9a52-a54b-48a0-8511-ab2e6363dce5-1.jpg 753w, https:\/\/aremiem.com\/wp-content\/uploads\/2026\/02\/81de9a52-a54b-48a0-8511-ab2e6363dce5-1-300x203.jpg 300w\" sizes=\"(max-width: 753px) 100vw, 753px\" \/><\/div><\/a>\n\t\t\t\t<div class=\"elementor-post__badge\">News<\/div>\n\t\t\t\t<div class=\"elementor-post__avatar\">\n\t\t\t<img alt='admin' src='https:\/\/secure.gravatar.com\/avatar\/1db3de856fc5420b62a6e73944eb328d81f243b9dcbc344e77afd539d88cbbfd?s=128&#038;d=mm&#038;r=g' srcset='https:\/\/secure.gravatar.com\/avatar\/1db3de856fc5420b62a6e73944eb328d81f243b9dcbc344e77afd539d88cbbfd?s=256&#038;d=mm&#038;r=g 2x' class='avatar avatar-128 photo' height='128' width='128' \/>\t\t<\/div>\n\t\t\t\t<div class=\"elementor-post__text\">\n\t\t\t\t<h3 class=\"elementor-post__title\">\n\t\t\t<a href=\"https:\/\/aremiem.com\/fr\/semplificazione-pharma-package-digitalizzazione-e-nuovi-processi-ue\/\">\n\t\t\t\tSemplificazione Pharma Package: Digitalizzazione e Nuovi Processi UE\t\t\t<\/a>\n\t\t<\/h3>\n\t\t\t\t<div class=\"elementor-post__excerpt\">\n\t\t\t<p>Un pilastro del Pharma Package riguarda la modernizzazione dei processi regolatori attraverso la digitalizzazione e la riduzione degli oneri amministrativi. La Commissione europea ha dichiarato<\/p>\n\t\t<\/div>\n\t\t\n\t\t<a class=\"elementor-post__read-more\" href=\"https:\/\/aremiem.com\/fr\/semplificazione-pharma-package-digitalizzazione-e-nuovi-processi-ue\/\" aria-label=\"En savoir plus sur Semplificazione Pharma Package: Digitalizzazione e Nuovi Processi UE\" tabindex=\"-1\">\n\t\t\tEn savoir plus \u00bb\t\t<\/a>\n\n\t\t\t\t<\/div>\n\t\t\t\t<div class=\"elementor-post__meta-data\">\n\t\t\t\t\t<span class=\"elementor-post-date\">\n\t\t\t2 mars 2026\t\t<\/span>\n\t\t\t\t<\/div>\n\t\t\t\t\t<\/div>\n\t\t<\/article>\n\t\t\t\t<article class=\"elementor-post elementor-grid-item post-6578 post type-post status-publish format-standard has-post-thumbnail hentry category-news-fr-2 category-nouvelles\" role=\"listitem\">\n\t\t\t<div class=\"elementor-post__card\">\n\t\t\t\t<a class=\"elementor-post__thumbnail__link\" href=\"https:\/\/aremiem.com\/fr\/nuovi-antibiotici-e-pharma-package-la-strategia-delleuropa-contro-la-resistenza-antimicrobica\/\" tabindex=\"-1\"><div class=\"elementor-post__thumbnail\"><img loading=\"lazy\" decoding=\"async\" width=\"742\" height=\"499\" src=\"https:\/\/aremiem.com\/wp-content\/uploads\/2026\/02\/9b84c9f7-a50e-4073-b75a-a3288b238724.jpg\" class=\"attachment-full size-full wp-image-6573\" alt=\"resistenza antimicrobica\" srcset=\"https:\/\/aremiem.com\/wp-content\/uploads\/2026\/02\/9b84c9f7-a50e-4073-b75a-a3288b238724.jpg 742w, https:\/\/aremiem.com\/wp-content\/uploads\/2026\/02\/9b84c9f7-a50e-4073-b75a-a3288b238724-300x202.jpg 300w\" sizes=\"(max-width: 742px) 100vw, 742px\" \/><\/div><\/a>\n\t\t\t\t<div class=\"elementor-post__badge\">News<\/div>\n\t\t\t\t<div class=\"elementor-post__avatar\">\n\t\t\t<img alt='admin' src='https:\/\/secure.gravatar.com\/avatar\/1db3de856fc5420b62a6e73944eb328d81f243b9dcbc344e77afd539d88cbbfd?s=128&#038;d=mm&#038;r=g' srcset='https:\/\/secure.gravatar.com\/avatar\/1db3de856fc5420b62a6e73944eb328d81f243b9dcbc344e77afd539d88cbbfd?s=256&#038;d=mm&#038;r=g 2x' class='avatar avatar-128 photo' height='128' width='128' \/>\t\t<\/div>\n\t\t\t\t<div class=\"elementor-post__text\">\n\t\t\t\t<h3 class=\"elementor-post__title\">\n\t\t\t<a href=\"https:\/\/aremiem.com\/fr\/nuovi-antibiotici-e-pharma-package-la-strategia-delleuropa-contro-la-resistenza-antimicrobica\/\">\n\t\t\t\tNuovi antibiotici e Pharma Package: la strategia dell&rsquo;Europa contro la resistenza antimicrobica\t\t\t<\/a>\n\t\t<\/h3>\n\t\t\t\t<div class=\"elementor-post__excerpt\">\n\t\t\t<p>Resistenza antimicrobica e innovazione La resistenza antimicrobica (AMR) \u00e8 una delle minacce sanitarie pi\u00f9 grandi del nostro tempo. Significa che alcuni batteri non rispondono pi\u00f9<\/p>\n\t\t<\/div>\n\t\t\n\t\t<a class=\"elementor-post__read-more\" href=\"https:\/\/aremiem.com\/fr\/nuovi-antibiotici-e-pharma-package-la-strategia-delleuropa-contro-la-resistenza-antimicrobica\/\" aria-label=\"En savoir plus sur Nuovi antibiotici e Pharma Package: la strategia dell&rsquo;Europa contro la resistenza antimicrobica\" tabindex=\"-1\">\n\t\t\tEn savoir plus \u00bb\t\t<\/a>\n\n\t\t\t\t<\/div>\n\t\t\t\t<div class=\"elementor-post__meta-data\">\n\t\t\t\t\t<span class=\"elementor-post-date\">\n\t\t\t24 f\u00e9vrier 2026\t\t<\/span>\n\t\t\t\t<\/div>\n\t\t\t\t\t<\/div>\n\t\t<\/article>\n\t\t\t\t<article class=\"elementor-post elementor-grid-item post-6569 post type-post status-publish format-standard has-post-thumbnail hentry category-news-fr-2 category-nouvelles\" role=\"listitem\">\n\t\t\t<div class=\"elementor-post__card\">\n\t\t\t\t<a class=\"elementor-post__thumbnail__link\" href=\"https:\/\/aremiem.com\/fr\/farmaci-introvabili-la-strategia-dellue-per-fermare-le-carenze\/\" tabindex=\"-1\"><div class=\"elementor-post__thumbnail\"><img loading=\"lazy\" decoding=\"async\" width=\"737\" height=\"476\" src=\"https:\/\/aremiem.com\/wp-content\/uploads\/2026\/02\/caremze.jpg\" class=\"attachment-full size-full wp-image-6565\" alt=\"farmaci carenze\" srcset=\"https:\/\/aremiem.com\/wp-content\/uploads\/2026\/02\/caremze.jpg 737w, https:\/\/aremiem.com\/wp-content\/uploads\/2026\/02\/caremze-300x194.jpg 300w\" sizes=\"(max-width: 737px) 100vw, 737px\" \/><\/div><\/a>\n\t\t\t\t<div class=\"elementor-post__badge\">News<\/div>\n\t\t\t\t<div class=\"elementor-post__avatar\">\n\t\t\t<img alt='admin' src='https:\/\/secure.gravatar.com\/avatar\/1db3de856fc5420b62a6e73944eb328d81f243b9dcbc344e77afd539d88cbbfd?s=128&#038;d=mm&#038;r=g' srcset='https:\/\/secure.gravatar.com\/avatar\/1db3de856fc5420b62a6e73944eb328d81f243b9dcbc344e77afd539d88cbbfd?s=256&#038;d=mm&#038;r=g 2x' class='avatar avatar-128 photo' height='128' width='128' \/>\t\t<\/div>\n\t\t\t\t<div class=\"elementor-post__text\">\n\t\t\t\t<h3 class=\"elementor-post__title\">\n\t\t\t<a href=\"https:\/\/aremiem.com\/fr\/farmaci-introvabili-la-strategia-dellue-per-fermare-le-carenze\/\">\n\t\t\t\tFarmaci introvabili: la strategia dell&rsquo;UE per fermare le carenze\t\t\t<\/a>\n\t\t<\/h3>\n\t\t\t\t<div class=\"elementor-post__excerpt\">\n\t\t\t<p>Se negli ultimi anni hai sentito parlare di farmaci mancanti in farmacia, sappi che non sei il solo. Le carenze di medicinali sono diventate un<\/p>\n\t\t<\/div>\n\t\t\n\t\t<a class=\"elementor-post__read-more\" href=\"https:\/\/aremiem.com\/fr\/farmaci-introvabili-la-strategia-dellue-per-fermare-le-carenze\/\" aria-label=\"En savoir plus sur Farmaci introvabili: la strategia dell&rsquo;UE per fermare le carenze\" tabindex=\"-1\">\n\t\t\tEn savoir plus \u00bb\t\t<\/a>\n\n\t\t\t\t<\/div>\n\t\t\t\t<div class=\"elementor-post__meta-data\">\n\t\t\t\t\t<span class=\"elementor-post-date\">\n\t\t\t17 f\u00e9vrier 2026\t\t<\/span>\n\t\t\t\t<\/div>\n\t\t\t\t\t<\/div>\n\t\t<\/article>\n\t\t\t\t<article class=\"elementor-post elementor-grid-item post-6556 post type-post status-publish format-standard has-post-thumbnail hentry category-news-fr-2 category-nouvelles tag-ai tag-luca-marsili tag-medicina tag-neurologia tag-stati-uniti\" role=\"listitem\">\n\t\t\t<div class=\"elementor-post__card\">\n\t\t\t\t<a class=\"elementor-post__thumbnail__link\" href=\"https:\/\/aremiem.com\/fr\/neurologia-oncologica-e-ai-quando-la-cura-diventa-una-sfida\/\" tabindex=\"-1\"><div class=\"elementor-post__thumbnail\"><img loading=\"lazy\" decoding=\"async\" width=\"741\" height=\"899\" src=\"https:\/\/aremiem.com\/wp-content\/uploads\/2026\/02\/marsili-ai.jpg\" class=\"attachment-full size-full wp-image-6549\" alt=\"neurologia\" srcset=\"https:\/\/aremiem.com\/wp-content\/uploads\/2026\/02\/marsili-ai.jpg 741w, https:\/\/aremiem.com\/wp-content\/uploads\/2026\/02\/marsili-ai-247x300.jpg 247w\" sizes=\"(max-width: 741px) 100vw, 741px\" \/><\/div><\/a>\n\t\t\t\t<div class=\"elementor-post__badge\">News<\/div>\n\t\t\t\t<div class=\"elementor-post__avatar\">\n\t\t\t<img alt='admin' src='https:\/\/secure.gravatar.com\/avatar\/1db3de856fc5420b62a6e73944eb328d81f243b9dcbc344e77afd539d88cbbfd?s=128&#038;d=mm&#038;r=g' srcset='https:\/\/secure.gravatar.com\/avatar\/1db3de856fc5420b62a6e73944eb328d81f243b9dcbc344e77afd539d88cbbfd?s=256&#038;d=mm&#038;r=g 2x' class='avatar avatar-128 photo' height='128' width='128' \/>\t\t<\/div>\n\t\t\t\t<div class=\"elementor-post__text\">\n\t\t\t\t<h3 class=\"elementor-post__title\">\n\t\t\t<a href=\"https:\/\/aremiem.com\/fr\/neurologia-oncologica-e-ai-quando-la-cura-diventa-una-sfida\/\">\n\t\t\t\tNeurologia oncologica e AI: quando la cura diventa una sfida\t\t\t<\/a>\n\t\t<\/h3>\n\t\t\t\t<div class=\"elementor-post__excerpt\">\n\t\t\t<p>Ci sono terapie che salvano la vita ma che, come effetto collaterale, lasciano tracce silenziose e profonde nel sistema nervoso. Tremori improvvisi che prima non<\/p>\n\t\t<\/div>\n\t\t\n\t\t<a class=\"elementor-post__read-more\" href=\"https:\/\/aremiem.com\/fr\/neurologia-oncologica-e-ai-quando-la-cura-diventa-una-sfida\/\" aria-label=\"En savoir plus sur Neurologia oncologica e AI: quando la cura diventa una sfida\" tabindex=\"-1\">\n\t\t\tEn savoir plus \u00bb\t\t<\/a>\n\n\t\t\t\t<\/div>\n\t\t\t\t<div class=\"elementor-post__meta-data\">\n\t\t\t\t\t<span class=\"elementor-post-date\">\n\t\t\t9 f\u00e9vrier 2026\t\t<\/span>\n\t\t\t\t<\/div>\n\t\t\t\t\t<\/div>\n\t\t<\/article>\n\t\t\t\t<\/div>\n\t\t\n\t\t\t\t\t\t<\/div>\n\t\t\t\t<\/div>\n\t\t\t\t\t<\/div>\n\t\t<\/div>\n\t\t\t\t\t<\/div>\n\t\t<\/section>\n\t\t\t\t<\/div>\n\t\t","protected":false},"excerpt":{"rendered":"<p>R\u00e9publique tch\u00e8que Prague Comit\u00e9 AReMIEM R\u00e9publique tch\u00e8que : Dr Lorenzo Angelotti, anesth\u00e9siste, Pardubice Poser une question Rapport des traducteurs belges italiens :&nbsp; Espace citoyen \u00e0 l&rsquo;\u00e9tranger :&nbsp; Contrat d&rsquo;assurance pour les citoyens italiens \u00e0 l&rsquo;\u00e9tranger&nbsp; Comment obtenir la carte Vital pour acc\u00e9der aux soins essentiels<\/p>\n","protected":false},"author":1,"featured_media":0,"parent":0,"menu_order":0,"comment_status":"closed","ping_status":"closed","template":"elementor_header_footer","meta":{"footnotes":""},"class_list":["post-6220","page","type-page","status-publish","hentry"],"_links":{"self":[{"href":"https:\/\/aremiem.com\/fr\/wp-json\/wp\/v2\/pages\/6220","targetHints":{"allow":["GET"]}}],"collection":[{"href":"https:\/\/aremiem.com\/fr\/wp-json\/wp\/v2\/pages"}],"about":[{"href":"https:\/\/aremiem.com\/fr\/wp-json\/wp\/v2\/types\/page"}],"author":[{"embeddable":true,"href":"https:\/\/aremiem.com\/fr\/wp-json\/wp\/v2\/users\/1"}],"replies":[{"embeddable":true,"href":"https:\/\/aremiem.com\/fr\/wp-json\/wp\/v2\/comments?post=6220"}],"version-history":[{"count":1,"href":"https:\/\/aremiem.com\/fr\/wp-json\/wp\/v2\/pages\/6220\/revisions"}],"predecessor-version":[{"id":6221,"href":"https:\/\/aremiem.com\/fr\/wp-json\/wp\/v2\/pages\/6220\/revisions\/6221"}],"wp:attachment":[{"href":"https:\/\/aremiem.com\/fr\/wp-json\/wp\/v2\/media?parent=6220"}],"curies":[{"name":"wp","href":"https:\/\/api.w.org\/{rel}","templated":true}]}}