{"id":2600,"date":"2023-03-02T11:10:43","date_gmt":"2023-03-02T11:10:43","guid":{"rendered":"https:\/\/aremiem.com\/royaume-uni\/"},"modified":"2025-07-02T07:12:21","modified_gmt":"2025-07-02T07:12:21","slug":"royaume-uni","status":"publish","type":"page","link":"https:\/\/aremiem.com\/fr\/royaume-uni\/","title":{"rendered":"Royaume-Uni"},"content":{"rendered":"<style>.elementor-2600 .elementor-element.elementor-element-f4e8800 > .elementor-container{min-height:500px;}.elementor-2600 .elementor-element.elementor-element-f4e8800:not(.elementor-motion-effects-element-type-background), .elementor-2600 .elementor-element.elementor-element-f4e8800 > .elementor-motion-effects-container > .elementor-motion-effects-layer{background-image:url(\"https:\/\/aremiem.com\/wp-content\/uploads\/2023\/03\/la-valorosa-temerarire.jpg\");background-position:0px -471px;background-repeat:no-repeat;background-size:cover;}.elementor-2600 .elementor-element.elementor-element-f4e8800{transition:background 0.3s, border 0.3s, border-radius 0.3s, box-shadow 0.3s;}.elementor-2600 .elementor-element.elementor-element-f4e8800 > .elementor-background-overlay{transition:background 0.3s, border-radius 0.3s, opacity 0.3s;}.elementor-2600 .elementor-element.elementor-element-696d1f2 > .elementor-element-populated{transition:background 0.3s, border 0.3s, border-radius 0.3s, box-shadow 0.3s;margin:70px 0px 0px 0px;--e-column-margin-right:0px;--e-column-margin-left:0px;padding:0px 0px 0px 0px;}.elementor-2600 .elementor-element.elementor-element-696d1f2 > .elementor-element-populated > .elementor-background-overlay{transition:background 0.3s, border-radius 0.3s, opacity 0.3s;}.elementor-2600 .elementor-element.elementor-element-6997dce{text-align:center;}.elementor-2600 .elementor-element.elementor-element-6997dce .elementor-heading-title{font-size:28px;color:#FFFFFF;}.elementor-2600 .elementor-element.elementor-element-6997dce > .elementor-widget-container{padding:150px 0px 150px 50px;}.elementor-2600 .elementor-element.elementor-element-a6002ff{text-align:end;font-size:17px;font-weight:500;font-style:italic;color:#FFFFFF;}.elementor-2600 .elementor-element.elementor-element-a6002ff > .elementor-widget-container{margin:0px 020px 010px 0px;}.elementor-2600 .elementor-element.elementor-element-1cb0454:not(.elementor-motion-effects-element-type-background), .elementor-2600 .elementor-element.elementor-element-1cb0454 > .elementor-motion-effects-container > .elementor-motion-effects-layer{background-color:#FFFFFF;}.elementor-2600 .elementor-element.elementor-element-1cb0454{transition:background 0.3s, border 0.3s, border-radius 0.3s, box-shadow 0.3s;padding:10px 0px 10px 0px;}.elementor-2600 .elementor-element.elementor-element-1cb0454 > .elementor-background-overlay{transition:background 0.3s, border-radius 0.3s, opacity 0.3s;}.elementor-2600 .elementor-element.elementor-element-3a51376 > .elementor-element-populated{padding:30px 30px 0px 60px;}.elementor-2600 .elementor-element.elementor-element-8da643e .elementor-button{font-size:22px;}.elementor-2600 .elementor-element.elementor-element-8da643e > .elementor-widget-container{padding:40px 0px 0px 0px;}.elementor-2600 .elementor-element.elementor-element-b4b51bd > .elementor-element-populated{padding:30px 30px 0px 30px;}.elementor-2600 .elementor-element.elementor-element-b4f14a4 > .elementor-element-populated{padding:30px 30px 0px 30px;}.elementor-2600 .elementor-element.elementor-element-7b839db{text-align:start;}.elementor-2600 .elementor-element.elementor-element-ade78d1 > .elementor-widget-container{margin:0px 0px 0px 0px;}.elementor-2600 .elementor-element.elementor-element-0262df4:not(.elementor-motion-effects-element-type-background), .elementor-2600 .elementor-element.elementor-element-0262df4 > .elementor-motion-effects-container > .elementor-motion-effects-layer{background-color:#FFFFFF;}.elementor-2600 .elementor-element.elementor-element-0262df4{transition:background 0.3s, border 0.3s, border-radius 0.3s, box-shadow 0.3s;padding:10px 0px 10px 0px;}.elementor-2600 .elementor-element.elementor-element-0262df4 > .elementor-background-overlay{transition:background 0.3s, border-radius 0.3s, opacity 0.3s;}.elementor-2600 .elementor-element.elementor-element-39e618e > .elementor-element-populated{padding:30px 30px 0px 30px;}@media(min-width:768px){.elementor-2600 .elementor-element.elementor-element-3a51376{width:40%;}.elementor-2600 .elementor-element.elementor-element-b4b51bd{width:9.333%;}.elementor-2600 .elementor-element.elementor-element-b4f14a4{width:50%;}}@media(max-width:1024px){.elementor-2600 .elementor-element.elementor-element-f4e8800:not(.elementor-motion-effects-element-type-background), .elementor-2600 .elementor-element.elementor-element-f4e8800 > .elementor-motion-effects-container > .elementor-motion-effects-layer{background-position:0px 0px;}}@media(max-width:767px){.elementor-2600 .elementor-element.elementor-element-f4e8800 > .elementor-container{min-height:400px;}.elementor-2600 .elementor-element.elementor-element-f4e8800:not(.elementor-motion-effects-element-type-background), .elementor-2600 .elementor-element.elementor-element-f4e8800 > .elementor-motion-effects-container > .elementor-motion-effects-layer{background-position:0px 0px;}.elementor-2600 .elementor-element.elementor-element-696d1f2 > .elementor-element-populated{margin:0px 0px 0px 0px;--e-column-margin-right:0px;--e-column-margin-left:0px;}.elementor-2600 .elementor-element.elementor-element-6997dce > .elementor-widget-container{padding:150px 0px 150px 0px;}.elementor-2600 .elementor-element.elementor-element-a6002ff{text-align:center;font-size:15px;}.elementor-2600 .elementor-element.elementor-element-a6002ff > .elementor-widget-container{margin:0px 0px 0px 0px;padding:0px 30px 030px 30px;}.elementor-2600 .elementor-element.elementor-element-3a51376 > .elementor-element-populated{padding:30px 30px 0px 10px;}.elementor-2600 .elementor-element.elementor-element-607fc20{text-align:center;}.elementor-2600 .elementor-element.elementor-element-8da643e > .elementor-widget-container{margin:0px 0px 0px 0px;padding:0px 0px 40px 0px;}.elementor-2600 .elementor-element.elementor-element-b4f14a4 > .elementor-element-populated{padding:30px 30px 0px 020px;}.elementor-2600 .elementor-element.elementor-element-7b839db{text-align:center;}.elementor-2600 .elementor-element.elementor-element-55ef091 > .elementor-widget-container{margin:0px 0px 0px 0px;padding:0px 0px 0px 030px;}.elementor-2600 .elementor-element.elementor-element-ade78d1 > .elementor-widget-container{margin:0px 0px 0px 0px;padding:0px 0px 0px 030px;}}<\/style>\t\t<div data-elementor-type=\"wp-page\" data-elementor-id=\"2600\" class=\"elementor elementor-2600 elementor-968\" data-elementor-post-type=\"page\">\n\t\t\t\t\t\t<section class=\"elementor-section elementor-top-section elementor-element elementor-element-f4e8800 elementor-section-full_width elementor-section-height-min-height elementor-section-height-default elementor-section-items-middle\" data-id=\"f4e8800\" data-element_type=\"section\" data-e-type=\"section\" data-settings=\"{&quot;background_background&quot;:&quot;classic&quot;}\">\n\t\t\t\t\t\t<div class=\"elementor-container elementor-column-gap-default\">\n\t\t\t\t\t<div class=\"elementor-column elementor-col-100 elementor-top-column elementor-element elementor-element-696d1f2\" data-id=\"696d1f2\" data-element_type=\"column\" data-e-type=\"column\" data-settings=\"{&quot;background_background&quot;:&quot;classic&quot;}\">\n\t\t\t<div class=\"elementor-widget-wrap elementor-element-populated\">\n\t\t\t\t\t\t<div class=\"elementor-element elementor-element-6997dce elementor-widget elementor-widget-heading\" data-id=\"6997dce\" data-element_type=\"widget\" data-e-type=\"widget\" data-widget_type=\"heading.default\">\n\t\t\t\t<div class=\"elementor-widget-container\">\n\t\t\t\t\t<h2 class=\"elementor-heading-title elementor-size-default\">Royaume-Uni<br><\/h2>\t\t\t\t<\/div>\n\t\t\t\t<\/div>\n\t\t\t\t<div class=\"elementor-element elementor-element-a6002ff elementor-widget elementor-widget-text-editor\" data-id=\"a6002ff\" data-element_type=\"widget\" data-e-type=\"widget\" data-widget_type=\"text-editor.default\">\n\t\t\t\t<div class=\"elementor-widget-container\">\n\t\t\t\t\t\t\t\t\t<p style=\"margin-bottom: 0cm; line-height: 100%;\">The fighting T\u00e9m\u00e9raire &#8211; William Turner <\/p>\t\t\t\t\t\t\t\t<\/div>\n\t\t\t\t<\/div>\n\t\t\t\t\t<\/div>\n\t\t<\/div>\n\t\t\t\t\t<\/div>\n\t\t<\/section>\n\t\t\t\t<section class=\"elementor-section elementor-top-section elementor-element elementor-element-1cb0454 elementor-section-full_width elementor-section-height-default elementor-section-height-default\" data-id=\"1cb0454\" data-element_type=\"section\" data-e-type=\"section\" data-settings=\"{&quot;background_background&quot;:&quot;classic&quot;}\">\n\t\t\t\t\t\t<div class=\"elementor-container elementor-column-gap-default\">\n\t\t\t\t\t<div class=\"elementor-column elementor-col-33 elementor-top-column elementor-element elementor-element-3a51376\" data-id=\"3a51376\" data-element_type=\"column\" data-e-type=\"column\">\n\t\t\t<div class=\"elementor-widget-wrap elementor-element-populated\">\n\t\t\t\t\t\t<div class=\"elementor-element elementor-element-607fc20 elementor-widget elementor-widget-heading\" data-id=\"607fc20\" data-element_type=\"widget\" data-e-type=\"widget\" data-widget_type=\"heading.default\">\n\t\t\t\t<div class=\"elementor-widget-container\">\n\t\t\t\t\t<h2 class=\"elementor-heading-title elementor-size-default\">Comit\u00e9 AReMIEM Royaume-Uni :\n<\/h2>\t\t\t\t<\/div>\n\t\t\t\t<\/div>\n\t\t\t\t<div class=\"elementor-element elementor-element-dcf7a49 elementor-widget elementor-widget-text-editor\" data-id=\"dcf7a49\" data-element_type=\"widget\" data-e-type=\"widget\" data-widget_type=\"text-editor.default\">\n\t\t\t\t<div class=\"elementor-widget-container\">\n\t\t\t\t\t\t\t\t\t<ul>\n \t<li><b>Dr. Francesca Tona <\/b>MD, Radiologist, MD, Charing Cross Hospital, London<\/li>\n \t<li><b>Dr. Francesco Lo Giudice <\/b>MD, consultant Cardiology, dept. Hammersmith H, Imperial College, Londres<\/li>\n \t<li><b>Dr. David Rose<\/b> MD, PhD Cardiac Surgery Consultant Cardio-Thoracic Surgery, Blackpool Victoria Hospital, Blackpool<\/li>\n \t<li><b>Dr. Giorgio Albanese<\/b> MD, Ophthalmologist, Queen\u2019s Medical Centre, University Hospitals NHS Trust, Nottingham<\/li>\n \t<li><strong>Dr. Marianna Telesca<\/strong> MD, Radiologist, Worcestershire Acute Hospitals NHS Trust<\/li>\n \t<li><strong>Dr. Roberto Di Febo<\/strong> Dentist, London<\/li>\n \t<li><strong>Dr. Riccardo Zannoni<\/strong> Neuroradiologue, The Newcastle upon Tyne Hospitals NHS Foundation Trust UK<\/li>\n \t<li style=\"font-size: 17px;\"><b>Dr. Cristiano Spadaccio <\/b>MD, cardiac surgeon, Mayo Clinic, Blackpool Victoria Hospital, Blackpool<\/li>\n<\/ul>\t\t\t\t\t\t\t\t<\/div>\n\t\t\t\t<\/div>\n\t\t\t\t<div class=\"elementor-element elementor-element-8da643e elementor-align-left elementor-mobile-align-center elementor-widget elementor-widget-button\" data-id=\"8da643e\" data-element_type=\"widget\" data-e-type=\"widget\" data-widget_type=\"button.default\">\n\t\t\t\t<div class=\"elementor-widget-container\">\n\t\t\t\t\t\t\t\t\t<div class=\"elementor-button-wrapper\">\n\t\t\t\t\t<a class=\"elementor-button elementor-button-link elementor-size-xl\" href=\"https:\/\/aremiem.com\/contact\/\">\n\t\t\t\t\t\t<span class=\"elementor-button-content-wrapper\">\n\t\t\t\t\t\t\t\t\t<span class=\"elementor-button-text\">Poser une question<\/span>\n\t\t\t\t\t<\/span>\n\t\t\t\t\t<\/a>\n\t\t\t\t<\/div>\n\t\t\t\t\t\t\t\t<\/div>\n\t\t\t\t<\/div>\n\t\t\t\t\t<\/div>\n\t\t<\/div>\n\t\t\t\t<div class=\"elementor-column elementor-col-33 elementor-top-column elementor-element elementor-element-b4b51bd\" data-id=\"b4b51bd\" data-element_type=\"column\" data-e-type=\"column\">\n\t\t\t<div class=\"elementor-widget-wrap\">\n\t\t\t\t\t\t\t<\/div>\n\t\t<\/div>\n\t\t\t\t<div class=\"elementor-column elementor-col-33 elementor-top-column elementor-element elementor-element-b4f14a4\" data-id=\"b4f14a4\" data-element_type=\"column\" data-e-type=\"column\">\n\t\t\t<div class=\"elementor-widget-wrap elementor-element-populated\">\n\t\t\t\t\t\t<div class=\"elementor-element elementor-element-7b839db elementor-widget elementor-widget-image\" data-id=\"7b839db\" data-element_type=\"widget\" data-e-type=\"widget\" data-widget_type=\"image.default\">\n\t\t\t\t<div class=\"elementor-widget-container\">\n\t\t\t\t\t\t\t\t\t\t\t\t\t\t\t<img decoding=\"async\" width=\"300\" height=\"150\" src=\"https:\/\/aremiem.com\/wp-content\/uploads\/2023\/03\/Flag_of_the_United_Kingdom_1-2.svg-300x150.png\" class=\"attachment-medium size-medium wp-image-2546\" alt=\"\" srcset=\"https:\/\/aremiem.com\/wp-content\/uploads\/2023\/03\/Flag_of_the_United_Kingdom_1-2.svg-300x150.png 300w, https:\/\/aremiem.com\/wp-content\/uploads\/2023\/03\/Flag_of_the_United_Kingdom_1-2.svg-1024x512.png 1024w, https:\/\/aremiem.com\/wp-content\/uploads\/2023\/03\/Flag_of_the_United_Kingdom_1-2.svg-768x384.png 768w, https:\/\/aremiem.com\/wp-content\/uploads\/2023\/03\/Flag_of_the_United_Kingdom_1-2.svg.png 1200w\" sizes=\"(max-width: 300px) 100vw, 300px\" \/>\t\t\t\t\t\t\t\t\t\t\t\t\t\t\t<\/div>\n\t\t\t\t<\/div>\n\t\t\t\t<div class=\"elementor-element elementor-element-55ef091 elementor-widget elementor-widget-text-editor\" data-id=\"55ef091\" data-element_type=\"widget\" data-e-type=\"widget\" data-widget_type=\"text-editor.default\">\n\t\t\t\t<div class=\"elementor-widget-container\">\n\t\t\t\t\t\t\t\t\t<div><p><span style=\"font-weight: bolder;\">Informations:<\/span><\/p><\/div><ul style=\"font-size: 17px; background-color: #ffffff;\"><li style=\"list-style-type: none;\"><ul style=\"font-size: 17px; background-color: #ffffff;\"><li style=\"font-size: 17px;\"><p style=\"font-weight: 400;\"><strong>British National Health Service<br><\/strong>The NHS website &#8211; NHS (<a href=\"https:\/\/www.nhs.uk\" target=\"_blank\" rel=\"noopener\">link<\/a>)<\/p><\/li><li style=\"font-size: 17px;\"><b>General Medical Concil<\/b> To <span style=\"font-weight: 400;\">work in the UK, a doctor must be registered with the General Medical Council (GMC), the UK equivalent of our Medical Orders Home GMC<br><a href=\"https:\/\/www.gmc-uk.org\/\" target=\"_blank\" rel=\"noopener\"> (link)<\/a><br><br><\/span><\/li><li><strong>Helps doctors back into general practice<\/strong> Induction and refresher scheme | Health Education England <a style=\"font-weight: 400;\" href=\"https:\/\/www.hee.nhs.uk\/our-work\/induction-refresher-scheme\" target=\"_blank\" rel=\"noopener\">(link)<\/a><\/li><\/ul><\/li><\/ul>\t\t\t\t\t\t\t\t<\/div>\n\t\t\t\t<\/div>\n\t\t\t\t<div class=\"elementor-element elementor-element-ade78d1 elementor-widget elementor-widget-text-editor\" data-id=\"ade78d1\" data-element_type=\"widget\" data-e-type=\"widget\" data-widget_type=\"text-editor.default\">\n\t\t\t\t<div class=\"elementor-widget-container\">\n\t\t\t\t\t\t\t\t\t<ul style=\"font-size: 17px; background-color: #ffffff;\">\n<li style=\"list-style-type: none;\">&nbsp;<\/li>\n<\/ul>\n<div>&nbsp;<b style=\"background-color: transparent;\">Liste des traducteurs avec traduction certifi\u00e9e&nbsp;<\/b><\/div>\n<ul style=\"font-size: 17px; background-color: #ffffff;\">\n<li style=\"list-style-type: none;\">\n<ul style=\"font-size: 17px; background-color: #ffffff;\">\n<li><strong>Cinzia Michelis<\/strong>, certified translator, +39.3774137409, <a href=\"mailto:cimpix@hotmail.com\">cimpix@hotmail.com<\/a><br><b style=\"font-size: 16px;\"><a href=\"https:\/\/aremiem.com\/wp-content\/uploads\/2023\/05\/Cinzia-Michelis-Traduttrice_per-sito.pdf\">Curriculum Vitae<\/a><\/b><b style=\"font-size: 16px;\"><br><a href=\"https:\/\/aremiem.com\/wp-content\/uploads\/2023\/05\/Info-traduzioni-per-sito.pdf\">Informations sur les traductions certifi\u00e9es<\/a><\/b><\/li>\n<\/ul>\n<\/li>\n<\/ul>\t\t\t\t\t\t\t\t<\/div>\n\t\t\t\t<\/div>\n\t\t\t\t\t<\/div>\n\t\t<\/div>\n\t\t\t\t\t<\/div>\n\t\t<\/section>\n\t\t\t\t<section class=\"elementor-section elementor-top-section elementor-element elementor-element-0262df4 elementor-section-full_width elementor-section-height-default elementor-section-height-default\" data-id=\"0262df4\" data-element_type=\"section\" data-e-type=\"section\" data-settings=\"{&quot;background_background&quot;:&quot;classic&quot;}\">\n\t\t\t\t\t\t<div class=\"elementor-container elementor-column-gap-default\">\n\t\t\t\t\t<div class=\"elementor-column elementor-col-100 elementor-top-column elementor-element elementor-element-39e618e\" data-id=\"39e618e\" data-element_type=\"column\" data-e-type=\"column\">\n\t\t\t<div class=\"elementor-widget-wrap\">\n\t\t\t\t\t\t\t<\/div>\n\t\t<\/div>\n\t\t\t\t\t<\/div>\n\t\t<\/section>\n\t\t\t\t<\/div>\n\t\t","protected":false},"excerpt":{"rendered":"<p>Royaume-Uni The fighting T\u00e9m\u00e9raire &#8211; William Turner Comit\u00e9 AReMIEM Royaume-Uni : Dr. Francesca Tona MD, Radiologist, MD, Charing Cross Hospital, London Dr. Francesco Lo Giudice MD, consultant Cardiology, dept. Hammersmith H, Imperial College, Londres Dr. David Rose MD, PhD Cardiac Surgery Consultant Cardio-Thoracic Surgery, Blackpool Victoria Hospital, Blackpool Dr. Giorgio Albanese MD, Ophthalmologist, Queen\u2019s Medical [&hellip;]<\/p>\n","protected":false},"author":1,"featured_media":0,"parent":0,"menu_order":0,"comment_status":"closed","ping_status":"closed","template":"elementor_header_footer","meta":{"footnotes":""},"class_list":["post-2600","page","type-page","status-publish","hentry"],"_links":{"self":[{"href":"https:\/\/aremiem.com\/fr\/wp-json\/wp\/v2\/pages\/2600","targetHints":{"allow":["GET"]}}],"collection":[{"href":"https:\/\/aremiem.com\/fr\/wp-json\/wp\/v2\/pages"}],"about":[{"href":"https:\/\/aremiem.com\/fr\/wp-json\/wp\/v2\/types\/page"}],"author":[{"embeddable":true,"href":"https:\/\/aremiem.com\/fr\/wp-json\/wp\/v2\/users\/1"}],"replies":[{"embeddable":true,"href":"https:\/\/aremiem.com\/fr\/wp-json\/wp\/v2\/comments?post=2600"}],"version-history":[{"count":2,"href":"https:\/\/aremiem.com\/fr\/wp-json\/wp\/v2\/pages\/2600\/revisions"}],"predecessor-version":[{"id":6233,"href":"https:\/\/aremiem.com\/fr\/wp-json\/wp\/v2\/pages\/2600\/revisions\/6233"}],"wp:attachment":[{"href":"https:\/\/aremiem.com\/fr\/wp-json\/wp\/v2\/media?parent=2600"}],"curies":[{"name":"wp","href":"https:\/\/api.w.org\/{rel}","templated":true}]}}