{"id":2598,"date":"2023-03-02T10:57:29","date_gmt":"2023-03-02T10:57:29","guid":{"rendered":"https:\/\/aremiem.com\/suisse\/"},"modified":"2025-06-24T07:02:18","modified_gmt":"2025-06-24T07:02:18","slug":"suisse","status":"publish","type":"page","link":"https:\/\/aremiem.com\/fr\/suisse\/","title":{"rendered":"Suisse"},"content":{"rendered":"\t\t<div data-elementor-type=\"wp-page\" data-elementor-id=\"2598\" class=\"elementor elementor-2598 elementor-954\" data-elementor-post-type=\"page\">\n\t\t\t\t\t\t<section class=\"elementor-section elementor-top-section elementor-element elementor-element-f4e8800 elementor-section-full_width elementor-section-height-min-height elementor-section-height-default elementor-section-items-middle\" data-id=\"f4e8800\" data-element_type=\"section\" data-e-type=\"section\" data-settings=\"{&quot;background_background&quot;:&quot;classic&quot;}\">\n\t\t\t\t\t\t<div class=\"elementor-container elementor-column-gap-default\">\n\t\t\t\t\t<div class=\"elementor-column elementor-col-100 elementor-top-column elementor-element elementor-element-696d1f2\" data-id=\"696d1f2\" data-element_type=\"column\" data-e-type=\"column\" data-settings=\"{&quot;background_background&quot;:&quot;classic&quot;}\">\n\t\t\t<div class=\"elementor-widget-wrap elementor-element-populated\">\n\t\t\t\t\t\t<div class=\"elementor-element elementor-element-6997dce elementor-widget elementor-widget-heading\" data-id=\"6997dce\" data-element_type=\"widget\" data-e-type=\"widget\" data-widget_type=\"heading.default\">\n\t\t\t\t<div class=\"elementor-widget-container\">\n\t\t\t\t\t<h2 class=\"elementor-heading-title elementor-size-default\">Suisse<\/h2>\t\t\t\t<\/div>\n\t\t\t\t<\/div>\n\t\t\t\t<div class=\"elementor-element elementor-element-06d3c69 elementor-widget elementor-widget-text-editor\" data-id=\"06d3c69\" data-element_type=\"widget\" data-e-type=\"widget\" data-widget_type=\"text-editor.default\">\n\t\t\t\t<div class=\"elementor-widget-container\">\n\t\t\t\t\t\t\t\t\t<p style=\"margin-bottom: 0cm; line-height: 100%;\">The spring &#8211; Ferdinand Hodler<\/p>\t\t\t\t\t\t\t\t<\/div>\n\t\t\t\t<\/div>\n\t\t\t\t\t<\/div>\n\t\t<\/div>\n\t\t\t\t\t<\/div>\n\t\t<\/section>\n\t\t\t\t<section class=\"elementor-section elementor-top-section elementor-element elementor-element-1cb0454 elementor-section-full_width elementor-section-height-default elementor-section-height-default\" data-id=\"1cb0454\" data-element_type=\"section\" data-e-type=\"section\" data-settings=\"{&quot;background_background&quot;:&quot;classic&quot;}\">\n\t\t\t\t\t\t<div class=\"elementor-container elementor-column-gap-default\">\n\t\t\t\t\t<div class=\"elementor-column elementor-col-33 elementor-top-column elementor-element elementor-element-3a51376\" data-id=\"3a51376\" data-element_type=\"column\" data-e-type=\"column\">\n\t\t\t<div class=\"elementor-widget-wrap elementor-element-populated\">\n\t\t\t\t\t\t<div class=\"elementor-element elementor-element-607fc20 elementor-widget elementor-widget-heading\" data-id=\"607fc20\" data-element_type=\"widget\" data-e-type=\"widget\" data-widget_type=\"heading.default\">\n\t\t\t\t<div class=\"elementor-widget-container\">\n\t\t\t\t\t<h2 class=\"elementor-heading-title elementor-size-default\">Comit\u00e9 AReMIEM Suisse :\n<\/h2>\t\t\t\t<\/div>\n\t\t\t\t<\/div>\n\t\t\t\t<div class=\"elementor-element elementor-element-dcf7a49 elementor-widget elementor-widget-text-editor\" data-id=\"dcf7a49\" data-element_type=\"widget\" data-e-type=\"widget\" data-widget_type=\"text-editor.default\">\n\t\t\t\t<div class=\"elementor-widget-container\">\n\t\t\t\t\t\t\t\t\t<ul><li><b>Dr Alexandre Forneris<\/b> anesth\u00e9siste, HVS h\u00f4pital de Martigny, Martigny<\/li><li><b>Dr Francesco Macr\u00ec<\/b> Radiologue PhD, Gen\u00e8ve<\/li><li><p><b>Dr Elena Caporali<\/b> MD, chirurgienne cardiaque, Cardiocentre Institute Tessin, H\u00f4pital cantonal, Lugano<\/p><\/li><li><strong>Dr Denise Aiello<\/strong>, psychiatre pour enfants et adolescents, UPD Berne<\/li><li><strong>Dr. Marco Flavio Michele Vismara<\/strong>, MD, PhD. M\u00e9decin sp\u00e9cialiste et docteur en g\u00e9n\u00e9tique m\u00e9dicale, pr\u00e9sident du conseil d&rsquo;administration de lightScience srl, Rome, Italie. <\/li><\/ul>\t\t\t\t\t\t\t\t<\/div>\n\t\t\t\t<\/div>\n\t\t\t\t<div class=\"elementor-element elementor-element-8da643e elementor-align-left elementor-mobile-align-center elementor-widget elementor-widget-button\" data-id=\"8da643e\" data-element_type=\"widget\" data-e-type=\"widget\" data-widget_type=\"button.default\">\n\t\t\t\t<div class=\"elementor-widget-container\">\n\t\t\t\t\t\t\t\t\t<div class=\"elementor-button-wrapper\">\n\t\t\t\t\t<a class=\"elementor-button elementor-button-link elementor-size-xl\" href=\"https:\/\/aremiem.com\/contact\/\">\n\t\t\t\t\t\t<span class=\"elementor-button-content-wrapper\">\n\t\t\t\t\t\t\t\t\t<span class=\"elementor-button-text\">Poser une question<\/span>\n\t\t\t\t\t<\/span>\n\t\t\t\t\t<\/a>\n\t\t\t\t<\/div>\n\t\t\t\t\t\t\t\t<\/div>\n\t\t\t\t<\/div>\n\t\t\t\t\t<\/div>\n\t\t<\/div>\n\t\t\t\t<div class=\"elementor-column elementor-col-33 elementor-top-column elementor-element elementor-element-b4b51bd\" data-id=\"b4b51bd\" data-element_type=\"column\" data-e-type=\"column\">\n\t\t\t<div class=\"elementor-widget-wrap\">\n\t\t\t\t\t\t\t<\/div>\n\t\t<\/div>\n\t\t\t\t<div class=\"elementor-column elementor-col-33 elementor-top-column elementor-element elementor-element-b4f14a4\" data-id=\"b4f14a4\" data-element_type=\"column\" data-e-type=\"column\">\n\t\t\t<div class=\"elementor-widget-wrap elementor-element-populated\">\n\t\t\t\t\t\t<div class=\"elementor-element elementor-element-7b839db elementor-widget elementor-widget-image\" data-id=\"7b839db\" data-element_type=\"widget\" data-e-type=\"widget\" data-widget_type=\"image.default\">\n\t\t\t\t<div class=\"elementor-widget-container\">\n\t\t\t\t\t\t\t\t\t\t\t\t\t\t\t<img fetchpriority=\"high\" decoding=\"async\" width=\"300\" height=\"200\" src=\"https:\/\/aremiem.com\/wp-content\/uploads\/2023\/03\/Civil_Ensign_of_Switzerland.svg-300x200.png\" class=\"attachment-medium size-medium wp-image-2544\" alt=\"\" srcset=\"https:\/\/aremiem.com\/wp-content\/uploads\/2023\/03\/Civil_Ensign_of_Switzerland.svg-300x200.png 300w, https:\/\/aremiem.com\/wp-content\/uploads\/2023\/03\/Civil_Ensign_of_Switzerland.svg-1024x683.png 1024w, https:\/\/aremiem.com\/wp-content\/uploads\/2023\/03\/Civil_Ensign_of_Switzerland.svg-768x512.png 768w, https:\/\/aremiem.com\/wp-content\/uploads\/2023\/03\/Civil_Ensign_of_Switzerland.svg-1536x1024.png 1536w, https:\/\/aremiem.com\/wp-content\/uploads\/2023\/03\/Civil_Ensign_of_Switzerland.svg-2048x1366.png 2048w\" sizes=\"(max-width: 300px) 100vw, 300px\" \/>\t\t\t\t\t\t\t\t\t\t\t\t\t\t\t<\/div>\n\t\t\t\t<\/div>\n\t\t\t\t<div class=\"elementor-element elementor-element-12002e9 elementor-widget elementor-widget-text-editor\" data-id=\"12002e9\" data-element_type=\"widget\" data-e-type=\"widget\" data-widget_type=\"text-editor.default\">\n\t\t\t\t<div class=\"elementor-widget-container\">\n\t\t\t\t\t\t\t\t\t<div><p><span style=\"font-weight: bolder;\">Informations:<\/span><\/p><\/div><ul style=\"font-size: 17px; background-color: #ffffff;\"><li style=\"list-style-type: none;\"><ul style=\"font-size: 17px; background-color: #ffffff;\"><li style=\"font-size: 17px;\"><p style=\"font-weight: 400;\"><strong>Eoc<\/strong> (<a href=\"https:\/\/https:\/\/www.eoc.ch\/Chi-siamo\/Lavorare-all-EOC.html\">link<\/a>)<\/p><\/li><li style=\"font-size: 17px;\"><b>Training of Doctors<\/b><span style=\"font-weight: 400;\"><a href=\"https:\/https:\/\/www.siwf.ch\/fr\/index.cfm\/\"> <\/a><\/span><a href=\"https:\/https:\/\/www.siwf.ch\/fr\/index.cfm\/\">(link)<\/a><br><br><\/li><li><p style=\"font-weight: 400;\"><strong>The professional association of Swiss doctors<\/strong><a href=\"https:\/\/https:\/\/www.fmh.ch\/it\/index.cfm\"> (link)<\/a><br><br><\/p><\/li><\/ul><\/li><\/ul>\t\t\t\t\t\t\t\t<\/div>\n\t\t\t\t<\/div>\n\t\t\t\t\t<\/div>\n\t\t<\/div>\n\t\t\t\t\t<\/div>\n\t\t<\/section>\n\t\t\t\t<section class=\"elementor-section elementor-top-section elementor-element elementor-element-0262df4 elementor-section-full_width elementor-section-height-default elementor-section-height-default\" data-id=\"0262df4\" data-element_type=\"section\" data-e-type=\"section\" data-settings=\"{&quot;background_background&quot;:&quot;classic&quot;}\">\n\t\t\t\t\t\t<div class=\"elementor-container elementor-column-gap-default\">\n\t\t\t\t\t<div class=\"elementor-column elementor-col-100 elementor-top-column elementor-element elementor-element-39e618e\" data-id=\"39e618e\" data-element_type=\"column\" data-e-type=\"column\">\n\t\t\t<div class=\"elementor-widget-wrap\">\n\t\t\t\t\t\t\t<\/div>\n\t\t<\/div>\n\t\t\t\t\t<\/div>\n\t\t<\/section>\n\t\t\t\t<\/div>\n\t\t","protected":false},"excerpt":{"rendered":"<p>Suisse The spring &#8211; Ferdinand Hodler Comit\u00e9 AReMIEM Suisse : Dr Alexandre Forneris anesth\u00e9siste, HVS h\u00f4pital de Martigny, Martigny Dr Francesco Macr\u00ec Radiologue PhD, Gen\u00e8ve Dr Elena Caporali MD, chirurgienne cardiaque, Cardiocentre Institute Tessin, H\u00f4pital cantonal, Lugano Dr Denise Aiello, psychiatre pour enfants et adolescents, UPD Berne Dr. Marco Flavio Michele Vismara, MD, PhD. M\u00e9decin [&hellip;]<\/p>\n","protected":false},"author":1,"featured_media":0,"parent":0,"menu_order":0,"comment_status":"closed","ping_status":"closed","template":"elementor_header_footer","meta":{"footnotes":""},"class_list":["post-2598","page","type-page","status-publish","hentry"],"_links":{"self":[{"href":"https:\/\/aremiem.com\/fr\/wp-json\/wp\/v2\/pages\/2598","targetHints":{"allow":["GET"]}}],"collection":[{"href":"https:\/\/aremiem.com\/fr\/wp-json\/wp\/v2\/pages"}],"about":[{"href":"https:\/\/aremiem.com\/fr\/wp-json\/wp\/v2\/types\/page"}],"author":[{"embeddable":true,"href":"https:\/\/aremiem.com\/fr\/wp-json\/wp\/v2\/users\/1"}],"replies":[{"embeddable":true,"href":"https:\/\/aremiem.com\/fr\/wp-json\/wp\/v2\/comments?post=2598"}],"version-history":[{"count":2,"href":"https:\/\/aremiem.com\/fr\/wp-json\/wp\/v2\/pages\/2598\/revisions"}],"predecessor-version":[{"id":6197,"href":"https:\/\/aremiem.com\/fr\/wp-json\/wp\/v2\/pages\/2598\/revisions\/6197"}],"wp:attachment":[{"href":"https:\/\/aremiem.com\/fr\/wp-json\/wp\/v2\/media?parent=2598"}],"curies":[{"name":"wp","href":"https:\/\/api.w.org\/{rel}","templated":true}]}}