{"id":2596,"date":"2023-03-02T11:18:24","date_gmt":"2023-03-02T11:18:24","guid":{"rendered":"https:\/\/aremiem.com\/etats-unis\/"},"modified":"2023-06-28T07:41:48","modified_gmt":"2023-06-28T07:41:48","slug":"etats-unis","status":"publish","type":"page","link":"https:\/\/aremiem.com\/fr\/etats-unis\/","title":{"rendered":"\u00c9tats-Unis"},"content":{"rendered":"\t\t<div data-elementor-type=\"wp-page\" data-elementor-id=\"2596\" class=\"elementor elementor-2596 elementor-979\" data-elementor-post-type=\"page\">\n\t\t\t\t\t\t<section class=\"elementor-section elementor-top-section elementor-element elementor-element-f4e8800 elementor-section-full_width elementor-section-height-min-height elementor-section-height-default elementor-section-items-middle\" data-id=\"f4e8800\" data-element_type=\"section\" data-e-type=\"section\" data-settings=\"{&quot;background_background&quot;:&quot;classic&quot;}\">\n\t\t\t\t\t\t<div class=\"elementor-container elementor-column-gap-default\">\n\t\t\t\t\t<div class=\"elementor-column elementor-col-100 elementor-top-column elementor-element elementor-element-696d1f2\" data-id=\"696d1f2\" data-element_type=\"column\" data-e-type=\"column\" data-settings=\"{&quot;background_background&quot;:&quot;classic&quot;}\">\n\t\t\t<div class=\"elementor-widget-wrap elementor-element-populated\">\n\t\t\t\t\t\t<div class=\"elementor-element elementor-element-6997dce elementor-widget elementor-widget-heading\" data-id=\"6997dce\" data-element_type=\"widget\" data-e-type=\"widget\" data-widget_type=\"heading.default\">\n\t\t\t\t<div class=\"elementor-widget-container\">\n\t\t\t\t\t<h2 class=\"elementor-heading-title elementor-size-default\">\u00c9tats-Unis<\/h2>\t\t\t\t<\/div>\n\t\t\t\t<\/div>\n\t\t\t\t<div class=\"elementor-element elementor-element-74021e1 elementor-widget elementor-widget-text-editor\" data-id=\"74021e1\" data-element_type=\"widget\" data-e-type=\"widget\" data-widget_type=\"text-editor.default\">\n\t\t\t\t<div class=\"elementor-widget-container\">\n\t\t\t\t\t\t\t\t\t<p style=\"margin-bottom: 0cm; line-height: 100%;\">Nighthawks &#8211; Edward Hoppet<\/p>\n\t\t\t\t\t\t\t\t<\/div>\n\t\t\t\t<\/div>\n\t\t\t\t\t<\/div>\n\t\t<\/div>\n\t\t\t\t\t<\/div>\n\t\t<\/section>\n\t\t\t\t<section class=\"elementor-section elementor-top-section elementor-element elementor-element-1cb0454 elementor-section-full_width elementor-section-height-default elementor-section-height-default\" data-id=\"1cb0454\" data-element_type=\"section\" data-e-type=\"section\" data-settings=\"{&quot;background_background&quot;:&quot;classic&quot;}\">\n\t\t\t\t\t\t<div class=\"elementor-container elementor-column-gap-default\">\n\t\t\t\t\t<div class=\"elementor-column elementor-col-33 elementor-top-column elementor-element elementor-element-3a51376\" data-id=\"3a51376\" data-element_type=\"column\" data-e-type=\"column\">\n\t\t\t<div class=\"elementor-widget-wrap elementor-element-populated\">\n\t\t\t\t\t\t<div class=\"elementor-element elementor-element-607fc20 elementor-widget elementor-widget-heading\" data-id=\"607fc20\" data-element_type=\"widget\" data-e-type=\"widget\" data-widget_type=\"heading.default\">\n\t\t\t\t<div class=\"elementor-widget-container\">\n\t\t\t\t\t<h2 class=\"elementor-heading-title elementor-size-default\">Comit\u00e9 AReMIEM Etats-Unis d'Am\u00e9rique :\n<\/h2>\t\t\t\t<\/div>\n\t\t\t\t<\/div>\n\t\t\t\t<div class=\"elementor-element elementor-element-dcf7a49 elementor-widget elementor-widget-text-editor\" data-id=\"dcf7a49\" data-element_type=\"widget\" data-e-type=\"widget\" data-widget_type=\"text-editor.default\">\n\t\t\t\t<div class=\"elementor-widget-container\">\n\t\t\t\t\t\t\t\t\t<ul>\n<li><strong>Dr. Lorenzo Gitto<\/strong> <span style=\"text-align: justify;\">MD, Bureau du m\u00e9decin l\u00e9giste du comt\u00e9 de Cook, Chicago, Illinois, \u00c9tats-Unis<\/span><\/li>\n<\/ul>\t\t\t\t\t\t\t\t<\/div>\n\t\t\t\t<\/div>\n\t\t\t\t<div class=\"elementor-element elementor-element-8da643e elementor-align-left elementor-mobile-align-center elementor-widget elementor-widget-button\" data-id=\"8da643e\" data-element_type=\"widget\" data-e-type=\"widget\" data-widget_type=\"button.default\">\n\t\t\t\t<div class=\"elementor-widget-container\">\n\t\t\t\t\t\t\t\t\t<div class=\"elementor-button-wrapper\">\n\t\t\t\t\t<a class=\"elementor-button elementor-button-link elementor-size-xl\" href=\"https:\/\/aremiem.com\/contatti\/\">\n\t\t\t\t\t\t<span class=\"elementor-button-content-wrapper\">\n\t\t\t\t\t\t\t\t\t<span class=\"elementor-button-text\">Poser une question<\/span>\n\t\t\t\t\t<\/span>\n\t\t\t\t\t<\/a>\n\t\t\t\t<\/div>\n\t\t\t\t\t\t\t\t<\/div>\n\t\t\t\t<\/div>\n\t\t\t\t\t<\/div>\n\t\t<\/div>\n\t\t\t\t<div class=\"elementor-column elementor-col-33 elementor-top-column elementor-element elementor-element-b4b51bd\" data-id=\"b4b51bd\" data-element_type=\"column\" data-e-type=\"column\">\n\t\t\t<div class=\"elementor-widget-wrap\">\n\t\t\t\t\t\t\t<\/div>\n\t\t<\/div>\n\t\t\t\t<div class=\"elementor-column elementor-col-33 elementor-top-column elementor-element elementor-element-b4f14a4\" data-id=\"b4f14a4\" data-element_type=\"column\" data-e-type=\"column\">\n\t\t\t<div class=\"elementor-widget-wrap elementor-element-populated\">\n\t\t\t\t\t\t<div class=\"elementor-element elementor-element-7b839db elementor-widget elementor-widget-image\" data-id=\"7b839db\" data-element_type=\"widget\" data-e-type=\"widget\" data-widget_type=\"image.default\">\n\t\t\t\t<div class=\"elementor-widget-container\">\n\t\t\t\t\t\t\t\t\t\t\t\t\t\t\t<img fetchpriority=\"high\" decoding=\"async\" width=\"283\" height=\"190\" src=\"https:\/\/aremiem.com\/wp-content\/uploads\/2023\/03\/USA.gif\" class=\"attachment-medium size-medium wp-image-2549\" alt=\"\" \/>\t\t\t\t\t\t\t\t\t\t\t\t\t\t\t<\/div>\n\t\t\t\t<\/div>\n\t\t\t\t<div class=\"elementor-element elementor-element-df01db8 elementor-widget elementor-widget-text-editor\" data-id=\"df01db8\" data-element_type=\"widget\" data-e-type=\"widget\" data-widget_type=\"text-editor.default\">\n\t\t\t\t<div class=\"elementor-widget-container\">\n\t\t\t\t\t\t\t\t\t<div>\n<p><span style=\"font-weight: bolder;\">Informations:<\/span><\/p>\n<\/div>\n<ul style=\"font-size: 17px; background-color: #ffffff;\">\n<li style=\"list-style-type: none;\">\n<ul style=\"font-size: 17px; background-color: #ffffff;\">\n<li style=\"font-size: 17px;\">\n<p style=\"font-weight: 400;\"><strong>National Institutes of Health (NIH)<br>\n<\/strong>(<a href=\"https:\/\/https:\/\/https:\/\/www.nih.gov\/\/\">link<\/a>)<\/p>\n<\/li>\n<li style=\"font-size: 17px;\"><b>CDC signifie Centers for Disease Control and Prevention<\/b><span style=\"font-weight: 400;\">, qui est une agence nationale de sant\u00e9 publique aux \u00c9tats-Unis. La mission du CDC est de prot\u00e9ger la sant\u00e9 et la s\u00e9curit\u00e9 publiques par le contr\u00f4le et la pr\u00e9vention des maladies, des blessures et des incapacit\u00e9s. L&rsquo;agence m\u00e8ne des recherches, fournit des informations et une \u00e9ducation sur la sant\u00e9, \u00e9labore et met en \u0153uvre des strat\u00e9gies pour pr\u00e9venir et contr\u00f4ler les \u00e9pid\u00e9mies et s&rsquo;efforce de promouvoir des comportements et des environnements sains et s\u00fbrs<br>\n<a href=\"https:\/\/https:\/\/www.cdc.gov\/\">(link)<\/a><br><br><\/span><\/li>\n<li><span style=\"background-color: transparent;\"><b>L&rsquo;American Medical Association (AMA) <\/b>est une organisation professionnelle qui repr\u00e9sente les m\u00e9decins et les \u00e9tudiants en m\u00e9decine aux \u00c9tats-Unis. L&rsquo;AMA s&rsquo;efforce de faire progresser les int\u00e9r\u00eats de ses membres et d&rsquo;am\u00e9liorer la sant\u00e9 publique en pr\u00e9conisant des politiques qui promeuvent les normes les plus \u00e9lev\u00e9es de soins aux patients et de professionnalisme des m\u00e9decins, ainsi qu&rsquo;en menant des recherches, en fournissant une \u00e9ducation et des ressources et en soutenant la pratique de la m\u00e9decine.&nbsp;<\/span><a style=\"font-weight: 400;\" href=\"https:\/\/www.ama-assn.org\" target=\"_blank\" rel=\"noopener\">(link)<\/a><br><br><\/li>\n<li><b>Le Conseil national des m\u00e9decins l\u00e9gistes (NBME)<\/b> est une organisation \u00e0 but non lucratif qui sert d&rsquo;organisation ind\u00e9pendante et objective responsable de la conception et de l&rsquo;administration d&rsquo;examens standardis\u00e9s pour la profession m\u00e9dicale. Le NBME a \u00e9t\u00e9 cr\u00e9\u00e9 en 1915 et a depuis jou\u00e9 un r\u00f4le central dans l&rsquo;\u00e9valuation et la certification des \u00e9tudiants en m\u00e9decine, des r\u00e9sidents et des m\u00e9decins aux \u00c9tats-Unis.&nbsp;<a style=\"background-color: #ffffff;\" href=\"https:\/\/www.nbme.org\" target=\"_blank\" rel=\"noopener\">(link)<\/a><br><br><\/li>\n<li style=\"font-size: 17px;\"><b>La F\u00e9d\u00e9ration des conseils m\u00e9dicaux d&rsquo;\u00c9tat (FSMB) <\/b>est une organisation \u00e0 but non lucratif qui repr\u00e9sente les 70 conseils m\u00e9dicaux et ost\u00e9opathiques d&rsquo;\u00c9tat aux \u00c9tats-Unis, ainsi que les autorit\u00e9s de r\u00e9glementation m\u00e9dicale de Washington, D.C., de Porto Rico, de Guam et des \u00c9tats-Unis. Les iles vierges. La mission de la FSMB est de soutenir ses commissions membres dans leur travail de protection de la sant\u00e9 et de la s\u00e9curit\u00e9 du public en promouvant des normes \u00e9lev\u00e9es pour l&rsquo;enseignement et la pratique m\u00e9dicale&nbsp;<a style=\"background-color: #ffffff;\" href=\"https:\/\/www.fsmb.org\" target=\"_blank\" rel=\"noopener\">(link)<\/a><\/li>\n<\/ul>\n<\/li>\n<\/ul>\t\t\t\t\t\t\t\t<\/div>\n\t\t\t\t<\/div>\n\t\t\t\t\t<\/div>\n\t\t<\/div>\n\t\t\t\t\t<\/div>\n\t\t<\/section>\n\t\t\t\t<section class=\"elementor-section elementor-top-section elementor-element elementor-element-0262df4 elementor-section-full_width elementor-section-height-default elementor-section-height-default\" data-id=\"0262df4\" data-element_type=\"section\" data-e-type=\"section\" data-settings=\"{&quot;background_background&quot;:&quot;classic&quot;}\">\n\t\t\t\t\t\t<div class=\"elementor-container elementor-column-gap-default\">\n\t\t\t\t\t<div class=\"elementor-column elementor-col-100 elementor-top-column elementor-element elementor-element-39e618e\" data-id=\"39e618e\" data-element_type=\"column\" data-e-type=\"column\">\n\t\t\t<div class=\"elementor-widget-wrap\">\n\t\t\t\t\t\t\t<\/div>\n\t\t<\/div>\n\t\t\t\t\t<\/div>\n\t\t<\/section>\n\t\t\t\t<\/div>\n\t\t","protected":false},"excerpt":{"rendered":"<p>\u00c9tats-Unis Nighthawks &#8211; Edward Hoppet Comit\u00e9 AReMIEM Etats-Unis d&rsquo;Am\u00e9rique : Dr. Lorenzo Gitto MD, Bureau du m\u00e9decin l\u00e9giste du comt\u00e9 de Cook, Chicago, Illinois, \u00c9tats-Unis Poser une question Informations: National Institutes of Health (NIH) (link) CDC signifie Centers for Disease Control and Prevention, qui est une agence nationale de sant\u00e9 publique aux \u00c9tats-Unis. La mission [&hellip;]<\/p>\n","protected":false},"author":1,"featured_media":0,"parent":0,"menu_order":0,"comment_status":"closed","ping_status":"closed","template":"elementor_header_footer","meta":{"footnotes":""},"class_list":["post-2596","page","type-page","status-publish","hentry"],"_links":{"self":[{"href":"https:\/\/aremiem.com\/fr\/wp-json\/wp\/v2\/pages\/2596","targetHints":{"allow":["GET"]}}],"collection":[{"href":"https:\/\/aremiem.com\/fr\/wp-json\/wp\/v2\/pages"}],"about":[{"href":"https:\/\/aremiem.com\/fr\/wp-json\/wp\/v2\/types\/page"}],"author":[{"embeddable":true,"href":"https:\/\/aremiem.com\/fr\/wp-json\/wp\/v2\/users\/1"}],"replies":[{"embeddable":true,"href":"https:\/\/aremiem.com\/fr\/wp-json\/wp\/v2\/comments?post=2596"}],"version-history":[{"count":0,"href":"https:\/\/aremiem.com\/fr\/wp-json\/wp\/v2\/pages\/2596\/revisions"}],"wp:attachment":[{"href":"https:\/\/aremiem.com\/fr\/wp-json\/wp\/v2\/media?parent=2596"}],"curies":[{"name":"wp","href":"https:\/\/api.w.org\/{rel}","templated":true}]}}