{"id":2588,"date":"2023-03-01T11:11:21","date_gmt":"2023-03-01T11:11:21","guid":{"rendered":"https:\/\/aremiem.com\/italie\/"},"modified":"2024-08-26T09:47:42","modified_gmt":"2024-08-26T09:47:42","slug":"italie","status":"publish","type":"page","link":"https:\/\/aremiem.com\/fr\/italie\/","title":{"rendered":"Italie"},"content":{"rendered":"<style>.elementor-2588 .elementor-element.elementor-element-f4e8800 > .elementor-container{min-height:500px;}.elementor-2588 .elementor-element.elementor-element-f4e8800:not(.elementor-motion-effects-element-type-background), .elementor-2588 .elementor-element.elementor-element-f4e8800 > .elementor-motion-effects-container > .elementor-motion-effects-layer{background-image:url(\"https:\/\/aremiem.com\/wp-content\/uploads\/2023\/03\/55039-Da_Vinci_Vitruve.jpg\");background-position:top center;background-repeat:no-repeat;background-size:cover;}.elementor-2588 .elementor-element.elementor-element-f4e8800 > .elementor-background-overlay{opacity:0.5;transition:background 0.3s, border-radius 0.3s, opacity 0.3s;}.elementor-2588 .elementor-element.elementor-element-f4e8800{transition:background 0.3s, border 0.3s, border-radius 0.3s, box-shadow 0.3s;}.elementor-2588 .elementor-element.elementor-element-696d1f2 > .elementor-element-populated{transition:background 0.3s, border 0.3s, border-radius 0.3s, box-shadow 0.3s;margin:70px 0px 0px 0px;--e-column-margin-right:0px;--e-column-margin-left:0px;padding:0px 0px 0px 0px;}.elementor-2588 .elementor-element.elementor-element-696d1f2 > .elementor-element-populated > .elementor-background-overlay{transition:background 0.3s, border-radius 0.3s, opacity 0.3s;}.elementor-2588 .elementor-element.elementor-element-6997dce{text-align:center;}.elementor-2588 .elementor-element.elementor-element-6997dce .elementor-heading-title{font-size:28px;color:#FFFFFF;}.elementor-2588 .elementor-element.elementor-element-6997dce > .elementor-widget-container{padding:150px 0px 150px 50px;}.elementor-2588 .elementor-element.elementor-element-cb6a6ee{text-align:end;font-size:17px;font-weight:500;font-style:italic;color:#FFFFFF;}.elementor-2588 .elementor-element.elementor-element-cb6a6ee > .elementor-widget-container{margin:0px 020px 010px 0px;}.elementor-2588 .elementor-element.elementor-element-1cb0454:not(.elementor-motion-effects-element-type-background), .elementor-2588 .elementor-element.elementor-element-1cb0454 > .elementor-motion-effects-container > .elementor-motion-effects-layer{background-color:#FFFFFF;}.elementor-2588 .elementor-element.elementor-element-1cb0454{transition:background 0.3s, border 0.3s, border-radius 0.3s, box-shadow 0.3s;padding:10px 0px 10px 0px;}.elementor-2588 .elementor-element.elementor-element-1cb0454 > .elementor-background-overlay{transition:background 0.3s, border-radius 0.3s, opacity 0.3s;}.elementor-2588 .elementor-element.elementor-element-3a51376 > .elementor-element-populated{padding:30px 30px 0px 60px;}.elementor-2588 .elementor-element.elementor-element-8da643e .elementor-button{font-size:22px;}.elementor-2588 .elementor-element.elementor-element-8da643e > .elementor-widget-container{padding:40px 0px 0px 0px;}.elementor-2588 .elementor-element.elementor-element-b4b51bd > .elementor-element-populated{padding:30px 30px 0px 30px;}.elementor-2588 .elementor-element.elementor-element-b4f14a4 > .elementor-element-populated{padding:30px 30px 0px 30px;}.elementor-2588 .elementor-element.elementor-element-7b839db{text-align:start;}.elementor-2588 .elementor-element.elementor-element-0262df4:not(.elementor-motion-effects-element-type-background), .elementor-2588 .elementor-element.elementor-element-0262df4 > .elementor-motion-effects-container > .elementor-motion-effects-layer{background-color:#FFFFFF;}.elementor-2588 .elementor-element.elementor-element-0262df4{transition:background 0.3s, border 0.3s, border-radius 0.3s, box-shadow 0.3s;padding:10px 0px 10px 0px;}.elementor-2588 .elementor-element.elementor-element-0262df4 > .elementor-background-overlay{transition:background 0.3s, border-radius 0.3s, opacity 0.3s;}.elementor-2588 .elementor-element.elementor-element-39e618e > .elementor-element-populated{padding:30px 30px 0px 30px;}@media(min-width:768px){.elementor-2588 .elementor-element.elementor-element-3a51376{width:40%;}.elementor-2588 .elementor-element.elementor-element-b4b51bd{width:9.333%;}.elementor-2588 .elementor-element.elementor-element-b4f14a4{width:50%;}}@media(max-width:767px){.elementor-2588 .elementor-element.elementor-element-f4e8800 > .elementor-container{min-height:400px;}.elementor-2588 .elementor-element.elementor-element-696d1f2 > .elementor-element-populated{margin:0px 0px 0px 0px;--e-column-margin-right:0px;--e-column-margin-left:0px;}.elementor-2588 .elementor-element.elementor-element-6997dce > .elementor-widget-container{padding:150px 0px 150px 0px;}.elementor-2588 .elementor-element.elementor-element-cb6a6ee{text-align:center;}.elementor-2588 .elementor-element.elementor-element-cb6a6ee > .elementor-widget-container{margin:0px 0px 020px 0px;}.elementor-2588 .elementor-element.elementor-element-3a51376 > .elementor-element-populated{padding:30px 30px 0px 10px;}.elementor-2588 .elementor-element.elementor-element-607fc20{text-align:center;}.elementor-2588 .elementor-element.elementor-element-8da643e > .elementor-widget-container{padding:0px 0px 40px 0px;}.elementor-2588 .elementor-element.elementor-element-b4f14a4 > .elementor-element-populated{padding:30px 30px 0px 030px;}.elementor-2588 .elementor-element.elementor-element-7b839db{text-align:center;}.elementor-2588 .elementor-element.elementor-element-7b839db > .elementor-widget-container{margin:0px 0px 0px 0px;padding:0px 0px 0px 0px;}.elementor-2588 .elementor-element.elementor-element-4c00808 > .elementor-widget-container{margin:0px 0px 0px 0px;padding:0px 0px 0px 030px;}}<\/style>\t\t<div data-elementor-type=\"wp-page\" data-elementor-id=\"2588\" class=\"elementor elementor-2588 elementor-877\" data-elementor-post-type=\"page\">\n\t\t\t\t\t\t<section class=\"elementor-section elementor-top-section elementor-element elementor-element-f4e8800 elementor-section-full_width elementor-section-height-min-height elementor-section-height-default elementor-section-items-middle\" data-id=\"f4e8800\" data-element_type=\"section\" data-e-type=\"section\" data-settings=\"{&quot;background_background&quot;:&quot;classic&quot;}\">\n\t\t\t\t\t\t\t<div class=\"elementor-background-overlay\"><\/div>\n\t\t\t\t\t\t\t<div class=\"elementor-container elementor-column-gap-default\">\n\t\t\t\t\t<div class=\"elementor-column elementor-col-100 elementor-top-column elementor-element elementor-element-696d1f2\" data-id=\"696d1f2\" data-element_type=\"column\" data-e-type=\"column\" data-settings=\"{&quot;background_background&quot;:&quot;classic&quot;}\">\n\t\t\t<div class=\"elementor-widget-wrap elementor-element-populated\">\n\t\t\t\t\t\t<div class=\"elementor-element elementor-element-6997dce elementor-widget elementor-widget-heading\" data-id=\"6997dce\" data-element_type=\"widget\" data-e-type=\"widget\" data-widget_type=\"heading.default\">\n\t\t\t\t<div class=\"elementor-widget-container\">\n\t\t\t\t\t<h2 class=\"elementor-heading-title elementor-size-default\">Italie<\/h2>\t\t\t\t<\/div>\n\t\t\t\t<\/div>\n\t\t\t\t<div class=\"elementor-element elementor-element-cb6a6ee elementor-widget elementor-widget-text-editor\" data-id=\"cb6a6ee\" data-element_type=\"widget\" data-e-type=\"widget\" data-widget_type=\"text-editor.default\">\n\t\t\t\t<div class=\"elementor-widget-container\">\n\t\t\t\t\t\t\t\t\t<p style=\"margin-bottom: 0cm; line-height: 100%;\">L&rsquo;uomo vitruviano &#8211; Leonardo Da Vinci<\/p>\n\t\t\t\t\t\t\t\t<\/div>\n\t\t\t\t<\/div>\n\t\t\t\t\t<\/div>\n\t\t<\/div>\n\t\t\t\t\t<\/div>\n\t\t<\/section>\n\t\t\t\t<section class=\"elementor-section elementor-top-section elementor-element elementor-element-1cb0454 elementor-section-full_width elementor-section-height-default elementor-section-height-default\" data-id=\"1cb0454\" data-element_type=\"section\" data-e-type=\"section\" data-settings=\"{&quot;background_background&quot;:&quot;classic&quot;}\">\n\t\t\t\t\t\t<div class=\"elementor-container elementor-column-gap-default\">\n\t\t\t\t\t<div class=\"elementor-column elementor-col-33 elementor-top-column elementor-element elementor-element-3a51376\" data-id=\"3a51376\" data-element_type=\"column\" data-e-type=\"column\">\n\t\t\t<div class=\"elementor-widget-wrap elementor-element-populated\">\n\t\t\t\t\t\t<div class=\"elementor-element elementor-element-607fc20 elementor-widget elementor-widget-heading\" data-id=\"607fc20\" data-element_type=\"widget\" data-e-type=\"widget\" data-widget_type=\"heading.default\">\n\t\t\t\t<div class=\"elementor-widget-container\">\n\t\t\t\t\t<h2 class=\"elementor-heading-title elementor-size-default\">Comit\u00e9 AReMIEM Italie :<\/h2>\t\t\t\t<\/div>\n\t\t\t\t<\/div>\n\t\t\t\t<div class=\"elementor-element elementor-element-dcf7a49 elementor-widget elementor-widget-text-editor\" data-id=\"dcf7a49\" data-element_type=\"widget\" data-e-type=\"widget\" data-widget_type=\"text-editor.default\">\n\t\t\t\t<div class=\"elementor-widget-container\">\n\t\t\t\t\t\t\t\t\t<ul><li><b>Dr. Laura Toscani<\/b>\u00a0MD, anesth\u00e9siste, H\u00f4pital\u00a0Sandro Pertini, Rome<br \/><br \/><\/li><li style=\"font-size: 17px;\"><b>Dr. Giuseppe Mangiameli<\/b>\u00a0MD, chirurgien thoracique, Milan<br \/><br \/><\/li><li><b>Dr. Alessandro Mazzotta <\/b>MD, chirurgien g\u00e9n\u00e9raliste en oncologie, H\u00f4pital Vannini, Rome<br \/><br \/><\/li><li><b style=\"font-weight: bold;\">Dr. Giovanni Checcucci<\/b> docteur<b style=\"font-weight: bold;\"><br \/><\/b>secteur industrie pharmaceutique<br \/><br \/><\/li><li><strong>Dr. Marco Vismara<\/strong>, G\u00e9n\u00e8ticien M\u00e9dical Rome<\/li><\/ul>\t\t\t\t\t\t\t\t<\/div>\n\t\t\t\t<\/div>\n\t\t\t\t<div class=\"elementor-element elementor-element-8da643e elementor-align-left elementor-mobile-align-center elementor-widget elementor-widget-button\" data-id=\"8da643e\" data-element_type=\"widget\" data-e-type=\"widget\" data-widget_type=\"button.default\">\n\t\t\t\t<div class=\"elementor-widget-container\">\n\t\t\t\t\t\t\t\t\t<div class=\"elementor-button-wrapper\">\n\t\t\t\t\t<a class=\"elementor-button elementor-button-link elementor-size-xl\" href=\"https:\/\/aremiem.com\/contatti\/\">\n\t\t\t\t\t\t<span class=\"elementor-button-content-wrapper\">\n\t\t\t\t\t\t\t\t\t<span class=\"elementor-button-text\">Poser une question<\/span>\n\t\t\t\t\t<\/span>\n\t\t\t\t\t<\/a>\n\t\t\t\t<\/div>\n\t\t\t\t\t\t\t\t<\/div>\n\t\t\t\t<\/div>\n\t\t\t\t\t<\/div>\n\t\t<\/div>\n\t\t\t\t<div class=\"elementor-column elementor-col-33 elementor-top-column elementor-element elementor-element-b4b51bd\" data-id=\"b4b51bd\" data-element_type=\"column\" data-e-type=\"column\">\n\t\t\t<div class=\"elementor-widget-wrap\">\n\t\t\t\t\t\t\t<\/div>\n\t\t<\/div>\n\t\t\t\t<div class=\"elementor-column elementor-col-33 elementor-top-column elementor-element elementor-element-b4f14a4\" data-id=\"b4f14a4\" data-element_type=\"column\" data-e-type=\"column\">\n\t\t\t<div class=\"elementor-widget-wrap elementor-element-populated\">\n\t\t\t\t\t\t<div class=\"elementor-element elementor-element-7b839db elementor-widget elementor-widget-image\" data-id=\"7b839db\" data-element_type=\"widget\" data-e-type=\"widget\" data-widget_type=\"image.default\">\n\t\t\t\t<div class=\"elementor-widget-container\">\n\t\t\t\t\t\t\t\t\t\t\t\t\t\t\t<img fetchpriority=\"high\" decoding=\"async\" width=\"300\" height=\"200\" src=\"https:\/\/aremiem.com\/wp-content\/uploads\/2023\/03\/Flag_of_Italy.svg-300x200.png\" class=\"attachment-medium size-medium wp-image-2555\" alt=\"\" srcset=\"https:\/\/aremiem.com\/wp-content\/uploads\/2023\/03\/Flag_of_Italy.svg-300x200.png 300w, https:\/\/aremiem.com\/wp-content\/uploads\/2023\/03\/Flag_of_Italy.svg-1024x683.png 1024w, https:\/\/aremiem.com\/wp-content\/uploads\/2023\/03\/Flag_of_Italy.svg-768x512.png 768w, https:\/\/aremiem.com\/wp-content\/uploads\/2023\/03\/Flag_of_Italy.svg-1536x1024.png 1536w, https:\/\/aremiem.com\/wp-content\/uploads\/2023\/03\/Flag_of_Italy.svg-2048x1366.png 2048w\" sizes=\"(max-width: 300px) 100vw, 300px\" \/>\t\t\t\t\t\t\t\t\t\t\t\t\t\t\t<\/div>\n\t\t\t\t<\/div>\n\t\t\t\t<div class=\"elementor-element elementor-element-4c00808 elementor-widget elementor-widget-text-editor\" data-id=\"4c00808\" data-element_type=\"widget\" data-e-type=\"widget\" data-widget_type=\"text-editor.default\">\n\t\t\t\t<div class=\"elementor-widget-container\">\n\t\t\t\t\t\t\t\t\t<div><p><span style=\"font-weight: bolder;\">Informations:<\/span><\/p><\/div><ul style=\"font-size: 17px; background-color: #ffffff;\"><li style=\"list-style-type: none;\"><ul style=\"font-size: 17px; background-color: #ffffff;\"><li style=\"font-size: 17px;\"><p style=\"font-weight: 400;\"><strong>ENPAM<br \/><\/strong>(<a href=\"https:\/\/www.enpam.it\/\" target=\"_blank\" rel=\"noopener\">link<\/a>)<\/p><\/li><li style=\"font-size: 17px;\"><b>Annulation &#8211; R\u00e9inscription de l&rsquo;Ordre des M\u00e9decins<\/b><span style=\"font-weight: 400;\"> <a href=\"https:\/\/aremiem.com\/wp-content\/uploads\/2023\/04\/cancellazione-ordine-dei-medici.pdf\">(link)<\/a><br \/><br \/><\/span><\/li><li><p style=\"font-weight: 400;\"><strong>Annulation &#8211; R\u00e9inscription Enpam<br \/><\/strong><a href=\"https:\/\/aremiem.com\/wp-content\/uploads\/2023\/04\/cancellazione-enpam-1.pdf\">(link)<\/a><\/p><\/li><li><b>Cr\u00e9dits de FMC pour les m\u00e9decins italiens \u00e0 l&rsquo;\u00e9tranger -Annexe XI<\/b><span style=\"font-weight: 400;\"><a href=\"https:\/\/aremiem.com\/wp-content\/uploads\/2023\/04\/Crediti-ecm.pdf\">\u00a0(link)<\/a><br \/><br \/><\/span><\/li><li><b>FNOMCeO<\/b><span style=\"font-weight: 400;\"><a href=\"https:\/\/portale.fnomceo.it\/\" target=\"_blank\" rel=\"noopener\">\u00a0(link<\/a>)<br \/><br \/><\/span><\/li><\/ul><\/li><\/ul><ul style=\"font-size: 17px; background-color: #ffffff;\"><li style=\"list-style-type: none;\"><ul style=\"font-size: 17px; background-color: #ffffff;\"><li style=\"font-size: 17px;\"><p style=\"font-weight: 400;\"><strong>Minist\u00e8re de l&rsquo;\u00e9ducation et du m\u00e9rite<br \/><\/strong>(<a href=\"https:\/\/www.miur.gov.it\/\" target=\"_blank\" rel=\"noopener\">link<\/a>)<\/p><\/li><li style=\"font-size: 17px;\"><b>\u00c9cole de sp\u00e9cialisation en Italie<\/b><span style=\"font-weight: 400;\"><a href=\"https:\/\/www.miur.gov.it\/scuole-di-specializzazione\" target=\"_blank\" rel=\"noopener\">\u00a0(link)<\/a><br \/><br \/><\/span><\/li><li><p style=\"font-weight: 400;\"><strong>FIMMG<br \/><\/strong><a href=\"https:\/\/www.fimmg.org\/\" target=\"_blank\" rel=\"noopener\">(link)<\/a><\/p><\/li><li><b>Retour de cerveau en Italie de l&rsquo;\u00e9tranger droit <\/b><a style=\"font-weight: 400;\" href=\"https:\/\/www.agenziaentrate.gov.it\/portale\/web\/guest\/lavoratori-rimpatriati-che-cos-%25c3%25a8-cittadini\" target=\"_blank\" rel=\"noopener\">(link)<\/a><\/li><\/ul><\/li><\/ul>\t\t\t\t\t\t\t\t<\/div>\n\t\t\t\t<\/div>\n\t\t\t\t\t<\/div>\n\t\t<\/div>\n\t\t\t\t\t<\/div>\n\t\t<\/section>\n\t\t\t\t<section class=\"elementor-section elementor-top-section elementor-element elementor-element-0262df4 elementor-section-full_width elementor-section-height-default elementor-section-height-default\" data-id=\"0262df4\" data-element_type=\"section\" data-e-type=\"section\" data-settings=\"{&quot;background_background&quot;:&quot;classic&quot;}\">\n\t\t\t\t\t\t<div class=\"elementor-container elementor-column-gap-default\">\n\t\t\t\t\t<div class=\"elementor-column elementor-col-100 elementor-top-column elementor-element elementor-element-39e618e\" data-id=\"39e618e\" data-element_type=\"column\" data-e-type=\"column\">\n\t\t\t<div class=\"elementor-widget-wrap\">\n\t\t\t\t\t\t\t<\/div>\n\t\t<\/div>\n\t\t\t\t\t<\/div>\n\t\t<\/section>\n\t\t\t\t<\/div>\n\t\t","protected":false},"excerpt":{"rendered":"<p>Italie L&rsquo;uomo vitruviano &#8211; Leonardo Da Vinci Comit\u00e9 AReMIEM Italie : Dr. Laura Toscani\u00a0MD, anesth\u00e9siste, H\u00f4pital\u00a0Sandro Pertini, Rome Dr. Giuseppe Mangiameli\u00a0MD, chirurgien thoracique, Milan Dr. Alessandro Mazzotta MD, chirurgien g\u00e9n\u00e9raliste en oncologie, H\u00f4pital Vannini, Rome Dr. Giovanni Checcucci docteursecteur industrie pharmaceutique Dr. Marco Vismara, G\u00e9n\u00e8ticien M\u00e9dical Rome Poser une question Informations: ENPAM(link) Annulation &#8211; R\u00e9inscription [&hellip;]<\/p>\n","protected":false},"author":1,"featured_media":0,"parent":0,"menu_order":0,"comment_status":"closed","ping_status":"closed","template":"elementor_header_footer","meta":{"footnotes":""},"class_list":["post-2588","page","type-page","status-publish","hentry"],"_links":{"self":[{"href":"https:\/\/aremiem.com\/fr\/wp-json\/wp\/v2\/pages\/2588","targetHints":{"allow":["GET"]}}],"collection":[{"href":"https:\/\/aremiem.com\/fr\/wp-json\/wp\/v2\/pages"}],"about":[{"href":"https:\/\/aremiem.com\/fr\/wp-json\/wp\/v2\/types\/page"}],"author":[{"embeddable":true,"href":"https:\/\/aremiem.com\/fr\/wp-json\/wp\/v2\/users\/1"}],"replies":[{"embeddable":true,"href":"https:\/\/aremiem.com\/fr\/wp-json\/wp\/v2\/comments?post=2588"}],"version-history":[{"count":4,"href":"https:\/\/aremiem.com\/fr\/wp-json\/wp\/v2\/pages\/2588\/revisions"}],"predecessor-version":[{"id":5412,"href":"https:\/\/aremiem.com\/fr\/wp-json\/wp\/v2\/pages\/2588\/revisions\/5412"}],"wp:attachment":[{"href":"https:\/\/aremiem.com\/fr\/wp-json\/wp\/v2\/media?parent=2588"}],"curies":[{"name":"wp","href":"https:\/\/api.w.org\/{rel}","templated":true}]}}