{"id":2584,"date":"2023-03-02T09:45:34","date_gmt":"2023-03-02T09:45:34","guid":{"rendered":"https:\/\/aremiem.com\/allemagne\/"},"modified":"2024-01-26T10:23:32","modified_gmt":"2024-01-26T10:23:32","slug":"allemagne","status":"publish","type":"page","link":"https:\/\/aremiem.com\/fr\/allemagne\/","title":{"rendered":"Allemagne"},"content":{"rendered":"\t\t<div data-elementor-type=\"wp-page\" data-elementor-id=\"2584\" class=\"elementor elementor-2584 elementor-919\" data-elementor-post-type=\"page\">\n\t\t\t\t\t\t<section class=\"elementor-section elementor-top-section elementor-element elementor-element-f4e8800 elementor-section-full_width elementor-section-stretched elementor-section-height-min-height elementor-section-height-default elementor-section-items-middle\" data-id=\"f4e8800\" data-element_type=\"section\" data-e-type=\"section\" data-settings=\"{&quot;background_background&quot;:&quot;classic&quot;,&quot;stretch_section&quot;:&quot;section-stretched&quot;}\">\n\t\t\t\t\t\t<div class=\"elementor-container elementor-column-gap-default\">\n\t\t\t\t\t<div class=\"elementor-column elementor-col-100 elementor-top-column elementor-element elementor-element-696d1f2\" data-id=\"696d1f2\" data-element_type=\"column\" data-e-type=\"column\" data-settings=\"{&quot;background_background&quot;:&quot;classic&quot;}\">\n\t\t\t<div class=\"elementor-widget-wrap elementor-element-populated\">\n\t\t\t\t\t\t<div class=\"elementor-element elementor-element-6997dce elementor-widget elementor-widget-heading\" data-id=\"6997dce\" data-element_type=\"widget\" data-e-type=\"widget\" data-widget_type=\"heading.default\">\n\t\t\t\t<div class=\"elementor-widget-container\">\n\t\t\t\t\t<h2 class=\"elementor-heading-title elementor-size-default\">Allemagne<\/h2>\t\t\t\t<\/div>\n\t\t\t\t<\/div>\n\t\t\t\t<div class=\"elementor-element elementor-element-69b9c46 elementor-widget elementor-widget-text-editor\" data-id=\"69b9c46\" data-element_type=\"widget\" data-e-type=\"widget\" data-widget_type=\"text-editor.default\">\n\t\t\t\t<div class=\"elementor-widget-container\">\n\t\t\t\t\t\t\t\t\t<p style=\"margin-bottom: 0cm; line-height: 100%;\"> Oswolt Krel &#8211; Albrecht D\u00fcrer<\/p>\n\t\t\t\t\t\t\t\t<\/div>\n\t\t\t\t<\/div>\n\t\t\t\t\t<\/div>\n\t\t<\/div>\n\t\t\t\t\t<\/div>\n\t\t<\/section>\n\t\t\t\t<section class=\"elementor-section elementor-top-section elementor-element elementor-element-1cb0454 elementor-section-full_width elementor-section-height-default elementor-section-height-default\" data-id=\"1cb0454\" data-element_type=\"section\" data-e-type=\"section\" data-settings=\"{&quot;background_background&quot;:&quot;classic&quot;}\">\n\t\t\t\t\t\t<div class=\"elementor-container elementor-column-gap-default\">\n\t\t\t\t\t<div class=\"elementor-column elementor-col-33 elementor-top-column elementor-element elementor-element-3a51376\" data-id=\"3a51376\" data-element_type=\"column\" data-e-type=\"column\">\n\t\t\t<div class=\"elementor-widget-wrap elementor-element-populated\">\n\t\t\t\t\t\t<div class=\"elementor-element elementor-element-607fc20 elementor-widget elementor-widget-heading\" data-id=\"607fc20\" data-element_type=\"widget\" data-e-type=\"widget\" data-widget_type=\"heading.default\">\n\t\t\t\t<div class=\"elementor-widget-container\">\n\t\t\t\t\t<h2 class=\"elementor-heading-title elementor-size-default\">Comit\u00e9 AReMIEM Allemagne :\n<\/h2>\t\t\t\t<\/div>\n\t\t\t\t<\/div>\n\t\t\t\t<div class=\"elementor-element elementor-element-dcf7a49 elementor-widget elementor-widget-text-editor\" data-id=\"dcf7a49\" data-element_type=\"widget\" data-e-type=\"widget\" data-widget_type=\"text-editor.default\">\n\t\t\t\t<div class=\"elementor-widget-container\">\n\t\t\t\t\t\t\t\t\t<ul>\n<li><b>Dr. Filippo Tortorici<\/b>&nbsp;M\u00e9decin, interniste, H\u00f4pital universitaire de Fribourg<br><br><\/li>\n<li><b>Dr. Filippo Tortorici<\/b>&nbsp;MD, ophtalmologiste, Marien HospitalText ed<br><br><\/li>\n<li><b>Dr. Nicola Leone<\/b>&nbsp;MD, gastro-ent\u00e9rologue H\u00f4pital Eggenfelden &#8211; Bayernlogist, Marien HospitalText ed<br><br><\/li>\n<li><b>Dr. Eleonora Caimmi&nbsp;<\/b>MD, Munich<br><br><\/li>\n<li><strong>Dr. Rossella D\u2019Agostino<\/strong>MD, p\u00e9diatre, Kinderpraxis Frau Dr Ro\u00dfberg, Berlin, Allemagne<br><br><\/li>\n<li><b>Dr. Martina Conterno<\/b>&nbsp;Neurologie et psychiatrie, Clinique psychiatrique Friedrich-Husemann Klinik, Buchenbach, Fribourg<\/li>\n<\/ul>\t\t\t\t\t\t\t\t<\/div>\n\t\t\t\t<\/div>\n\t\t\t\t<div class=\"elementor-element elementor-element-8da643e elementor-align-left elementor-mobile-align-center elementor-widget elementor-widget-button\" data-id=\"8da643e\" data-element_type=\"widget\" data-e-type=\"widget\" data-widget_type=\"button.default\">\n\t\t\t\t<div class=\"elementor-widget-container\">\n\t\t\t\t\t\t\t\t\t<div class=\"elementor-button-wrapper\">\n\t\t\t\t\t<a class=\"elementor-button elementor-button-link elementor-size-xl\" href=\"https:\/\/aremiem.com\/contatti\/\">\n\t\t\t\t\t\t<span class=\"elementor-button-content-wrapper\">\n\t\t\t\t\t\t\t\t\t<span class=\"elementor-button-text\">Poser une question<\/span>\n\t\t\t\t\t<\/span>\n\t\t\t\t\t<\/a>\n\t\t\t\t<\/div>\n\t\t\t\t\t\t\t\t<\/div>\n\t\t\t\t<\/div>\n\t\t\t\t\t<\/div>\n\t\t<\/div>\n\t\t\t\t<div class=\"elementor-column elementor-col-33 elementor-top-column elementor-element elementor-element-003d922\" data-id=\"003d922\" data-element_type=\"column\" data-e-type=\"column\">\n\t\t\t<div class=\"elementor-widget-wrap\">\n\t\t\t\t\t\t\t<\/div>\n\t\t<\/div>\n\t\t\t\t<div class=\"elementor-column elementor-col-33 elementor-top-column elementor-element elementor-element-b4f14a4\" data-id=\"b4f14a4\" data-element_type=\"column\" data-e-type=\"column\">\n\t\t\t<div class=\"elementor-widget-wrap elementor-element-populated\">\n\t\t\t\t\t\t<div class=\"elementor-element elementor-element-7b839db elementor-widget elementor-widget-image\" data-id=\"7b839db\" data-element_type=\"widget\" data-e-type=\"widget\" data-widget_type=\"image.default\">\n\t\t\t\t<div class=\"elementor-widget-container\">\n\t\t\t\t\t\t\t\t\t\t\t\t\t\t\t<img fetchpriority=\"high\" decoding=\"async\" width=\"300\" height=\"180\" src=\"https:\/\/aremiem.com\/wp-content\/uploads\/2023\/03\/1200px-Flag_of_Germany.svg-300x180.png\" class=\"attachment-medium size-medium wp-image-2536\" alt=\"\" srcset=\"https:\/\/aremiem.com\/wp-content\/uploads\/2023\/03\/1200px-Flag_of_Germany.svg-300x180.png 300w, https:\/\/aremiem.com\/wp-content\/uploads\/2023\/03\/1200px-Flag_of_Germany.svg-1024x614.png 1024w, https:\/\/aremiem.com\/wp-content\/uploads\/2023\/03\/1200px-Flag_of_Germany.svg-768x461.png 768w, https:\/\/aremiem.com\/wp-content\/uploads\/2023\/03\/1200px-Flag_of_Germany.svg.png 1200w\" sizes=\"(max-width: 300px) 100vw, 300px\" \/>\t\t\t\t\t\t\t\t\t\t\t\t\t\t\t<\/div>\n\t\t\t\t<\/div>\n\t\t\t\t<div class=\"elementor-element elementor-element-0e32132 elementor-widget elementor-widget-text-editor\" data-id=\"0e32132\" data-element_type=\"widget\" data-e-type=\"widget\" data-widget_type=\"text-editor.default\">\n\t\t\t\t<div class=\"elementor-widget-container\">\n\t\t\t\t\t\t\t\t\t<div>\n\n<span style=\"font-weight: bolder;\">Liste des traducteurs avec traduction certifi\u00e9e<\/span>\n\n<\/div>\n<ul style=\"background-color: #ffffff;\">\n \t<li style=\"list-style-type: none;\">\n<ul style=\"background-color: #ffffff;\">\n \t<li><strong>Ambassade italienne<\/strong> <a href=\"https:\/\/ambberlino.esteri.it\/wp-content\/uploads\/2023\/04\/Lista-traduttori-firma-depositata.pdf\" target=\"_blank\" rel=\"noopener\">(link)<\/a><\/li>\n<\/ul>\n<\/li>\n<\/ul>\t\t\t\t\t\t\t\t<\/div>\n\t\t\t\t<\/div>\n\t\t\t\t\t<\/div>\n\t\t<\/div>\n\t\t\t\t\t<\/div>\n\t\t<\/section>\n\t\t\t\t<section class=\"elementor-section elementor-top-section elementor-element elementor-element-0262df4 elementor-section-full_width elementor-section-height-default elementor-section-height-default\" data-id=\"0262df4\" data-element_type=\"section\" data-e-type=\"section\" data-settings=\"{&quot;background_background&quot;:&quot;classic&quot;}\">\n\t\t\t\t\t\t<div class=\"elementor-container elementor-column-gap-default\">\n\t\t\t\t\t<div class=\"elementor-column elementor-col-100 elementor-top-column elementor-element elementor-element-39e618e\" data-id=\"39e618e\" data-element_type=\"column\" data-e-type=\"column\">\n\t\t\t<div class=\"elementor-widget-wrap\">\n\t\t\t\t\t\t\t<\/div>\n\t\t<\/div>\n\t\t\t\t\t<\/div>\n\t\t<\/section>\n\t\t\t\t<\/div>\n\t\t","protected":false},"excerpt":{"rendered":"<p>Allemagne Oswolt Krel &#8211; Albrecht D\u00fcrer Comit\u00e9 AReMIEM Allemagne : Dr. Filippo Tortorici&nbsp;M\u00e9decin, interniste, H\u00f4pital universitaire de Fribourg Dr. Filippo Tortorici&nbsp;MD, ophtalmologiste, Marien HospitalText ed Dr. Nicola Leone&nbsp;MD, gastro-ent\u00e9rologue H\u00f4pital Eggenfelden &#8211; Bayernlogist, Marien HospitalText ed Dr. Eleonora Caimmi&nbsp;MD, Munich Dr. Rossella D\u2019AgostinoMD, p\u00e9diatre, Kinderpraxis Frau Dr Ro\u00dfberg, Berlin, Allemagne Dr. Martina Conterno&nbsp;Neurologie et psychiatrie, [&hellip;]<\/p>\n","protected":false},"author":1,"featured_media":0,"parent":0,"menu_order":0,"comment_status":"closed","ping_status":"closed","template":"elementor_header_footer","meta":{"footnotes":""},"class_list":["post-2584","page","type-page","status-publish","hentry"],"_links":{"self":[{"href":"https:\/\/aremiem.com\/fr\/wp-json\/wp\/v2\/pages\/2584","targetHints":{"allow":["GET"]}}],"collection":[{"href":"https:\/\/aremiem.com\/fr\/wp-json\/wp\/v2\/pages"}],"about":[{"href":"https:\/\/aremiem.com\/fr\/wp-json\/wp\/v2\/types\/page"}],"author":[{"embeddable":true,"href":"https:\/\/aremiem.com\/fr\/wp-json\/wp\/v2\/users\/1"}],"replies":[{"embeddable":true,"href":"https:\/\/aremiem.com\/fr\/wp-json\/wp\/v2\/comments?post=2584"}],"version-history":[{"count":0,"href":"https:\/\/aremiem.com\/fr\/wp-json\/wp\/v2\/pages\/2584\/revisions"}],"wp:attachment":[{"href":"https:\/\/aremiem.com\/fr\/wp-json\/wp\/v2\/media?parent=2584"}],"curies":[{"name":"wp","href":"https:\/\/api.w.org\/{rel}","templated":true}]}}