{"id":2580,"date":"2023-03-02T09:05:08","date_gmt":"2023-03-02T09:05:08","guid":{"rendered":"https:\/\/aremiem.com\/belgique\/"},"modified":"2024-01-26T10:01:16","modified_gmt":"2024-01-26T10:01:16","slug":"belgique","status":"publish","type":"page","link":"https:\/\/aremiem.com\/fr\/belgique\/","title":{"rendered":"Belgique"},"content":{"rendered":"\t\t<div data-elementor-type=\"wp-page\" data-elementor-id=\"2580\" class=\"elementor elementor-2580 elementor-905\" data-elementor-post-type=\"page\">\n\t\t\t\t\t\t<section class=\"elementor-section elementor-top-section elementor-element elementor-element-f4e8800 elementor-section-full_width elementor-section-height-min-height elementor-section-height-default elementor-section-items-middle\" data-id=\"f4e8800\" data-element_type=\"section\" data-e-type=\"section\" data-settings=\"{&quot;background_background&quot;:&quot;classic&quot;}\">\n\t\t\t\t\t\t<div class=\"elementor-container elementor-column-gap-default\">\n\t\t\t\t\t<div class=\"elementor-column elementor-col-100 elementor-top-column elementor-element elementor-element-696d1f2\" data-id=\"696d1f2\" data-element_type=\"column\" data-e-type=\"column\" data-settings=\"{&quot;background_background&quot;:&quot;classic&quot;}\">\n\t\t\t<div class=\"elementor-widget-wrap elementor-element-populated\">\n\t\t\t\t\t\t<div class=\"elementor-element elementor-element-6997dce elementor-widget elementor-widget-heading\" data-id=\"6997dce\" data-element_type=\"widget\" data-e-type=\"widget\" data-widget_type=\"heading.default\">\n\t\t\t\t<div class=\"elementor-widget-container\">\n\t\t\t\t\t<h2 class=\"elementor-heading-title elementor-size-default\">Belgique<br><\/h2>\t\t\t\t<\/div>\n\t\t\t\t<\/div>\n\t\t\t\t<div class=\"elementor-element elementor-element-c992a72 elementor-widget elementor-widget-text-editor\" data-id=\"c992a72\" data-element_type=\"widget\" data-e-type=\"widget\" data-widget_type=\"text-editor.default\">\n\t\t\t\t<div class=\"elementor-widget-container\">\n\t\t\t\t\t\t\t\t\t<p style=\"margin-bottom: 0cm; line-height: 100%;\">Le portrait d&rsquo;Arnolfini &#8211; Jan Van Eyck<\/p>\n\t\t\t\t\t\t\t\t<\/div>\n\t\t\t\t<\/div>\n\t\t\t\t\t<\/div>\n\t\t<\/div>\n\t\t\t\t\t<\/div>\n\t\t<\/section>\n\t\t\t\t<section class=\"elementor-section elementor-top-section elementor-element elementor-element-1cb0454 elementor-section-full_width elementor-section-height-default elementor-section-height-default\" data-id=\"1cb0454\" data-element_type=\"section\" data-e-type=\"section\" data-settings=\"{&quot;background_background&quot;:&quot;classic&quot;}\">\n\t\t\t\t\t\t<div class=\"elementor-container elementor-column-gap-default\">\n\t\t\t\t\t<div class=\"elementor-column elementor-col-33 elementor-top-column elementor-element elementor-element-3a51376\" data-id=\"3a51376\" data-element_type=\"column\" data-e-type=\"column\">\n\t\t\t<div class=\"elementor-widget-wrap elementor-element-populated\">\n\t\t\t\t\t\t<div class=\"elementor-element elementor-element-607fc20 elementor-widget elementor-widget-heading\" data-id=\"607fc20\" data-element_type=\"widget\" data-e-type=\"widget\" data-widget_type=\"heading.default\">\n\t\t\t\t<div class=\"elementor-widget-container\">\n\t\t\t\t\t<h2 class=\"elementor-heading-title elementor-size-default\">Comit\u00e9 AReMIEM Belgique :\n<\/h2>\t\t\t\t<\/div>\n\t\t\t\t<\/div>\n\t\t\t\t<div class=\"elementor-element elementor-element-dcf7a49 elementor-widget elementor-widget-text-editor\" data-id=\"dcf7a49\" data-element_type=\"widget\" data-e-type=\"widget\" data-widget_type=\"text-editor.default\">\n\t\t\t\t<div class=\"elementor-widget-container\">\n\t\t\t\t\t\t\t\t\t<ul>\n<li><strong>Dr. Tatiana Poni<\/strong>&nbsp;M\u00e9decin, m\u00e9decine g\u00e9n\u00e9rale, Bree, Limbourg<br><br><\/li>\n<li><b>Dr. Simona Liliana&nbsp;Sava<\/b>&nbsp;MD, professeur de Neurologie, Clinique des C\u00e9phal\u00e9es, Saint Nicolas<br><br><\/li>\n<li><b>Dr. Gian Luca Soscia<\/b>M\u00e9decin, Urologue, Chu Ambroise Pare, Mons<br><br><\/li>\n<li><b>Dr. Pamela Baldin<\/b> sp\u00e9cialiste en anatomie pathologique, Cliniques Universitaires Saint Luc, Woluwe Saint Lambert<br><div class=\"iYB33c\">\n<div class=\"dlJLJe\">\n<div data-cviv=\"false\" data-ved=\"2ahUKEwi867iuwfT_AhV2g_0HHUKDA1cQz_AEegQIChAP\">\n<div class=\"U9URNb\">&nbsp;<\/div>\n<\/div>\n<\/div>\n<\/div>\n<\/li>\n<\/ul>\t\t\t\t\t\t\t\t<\/div>\n\t\t\t\t<\/div>\n\t\t\t\t<div class=\"elementor-element elementor-element-8da643e elementor-align-left elementor-mobile-align-center elementor-widget elementor-widget-button\" data-id=\"8da643e\" data-element_type=\"widget\" data-e-type=\"widget\" data-widget_type=\"button.default\">\n\t\t\t\t<div class=\"elementor-widget-container\">\n\t\t\t\t\t\t\t\t\t<div class=\"elementor-button-wrapper\">\n\t\t\t\t\t<a class=\"elementor-button elementor-button-link elementor-size-xl\" href=\"https:\/\/aremiem.com\/contatti\/\">\n\t\t\t\t\t\t<span class=\"elementor-button-content-wrapper\">\n\t\t\t\t\t\t\t\t\t<span class=\"elementor-button-text\">Poser une question<\/span>\n\t\t\t\t\t<\/span>\n\t\t\t\t\t<\/a>\n\t\t\t\t<\/div>\n\t\t\t\t\t\t\t\t<\/div>\n\t\t\t\t<\/div>\n\t\t\t\t\t<\/div>\n\t\t<\/div>\n\t\t\t\t<div class=\"elementor-column elementor-col-33 elementor-top-column elementor-element elementor-element-b4b51bd\" data-id=\"b4b51bd\" data-element_type=\"column\" data-e-type=\"column\">\n\t\t\t<div class=\"elementor-widget-wrap\">\n\t\t\t\t\t\t\t<\/div>\n\t\t<\/div>\n\t\t\t\t<div class=\"elementor-column elementor-col-33 elementor-top-column elementor-element elementor-element-b4f14a4\" data-id=\"b4f14a4\" data-element_type=\"column\" data-e-type=\"column\">\n\t\t\t<div class=\"elementor-widget-wrap elementor-element-populated\">\n\t\t\t\t\t\t<div class=\"elementor-element elementor-element-7b839db elementor-widget elementor-widget-image\" data-id=\"7b839db\" data-element_type=\"widget\" data-e-type=\"widget\" data-widget_type=\"image.default\">\n\t\t\t\t<div class=\"elementor-widget-container\">\n\t\t\t\t\t\t\t\t\t\t\t\t\t\t\t<img fetchpriority=\"high\" decoding=\"async\" width=\"283\" height=\"189\" src=\"https:\/\/aremiem.com\/wp-content\/uploads\/2023\/03\/belgio.gif\" class=\"attachment-medium size-medium wp-image-2535\" alt=\"\" \/>\t\t\t\t\t\t\t\t\t\t\t\t\t\t\t<\/div>\n\t\t\t\t<\/div>\n\t\t\t\t<div class=\"elementor-element elementor-element-55ef091 elementor-hidden-desktop elementor-hidden-tablet elementor-hidden-mobile elementor-widget elementor-widget-text-editor\" data-id=\"55ef091\" data-element_type=\"widget\" data-e-type=\"widget\" data-widget_type=\"text-editor.default\">\n\t\t\t\t<div class=\"elementor-widget-container\">\n\t\t\t\t\t\t\t\t\t<p><span style=\"font-weight: bolder; background-color: transparent;\">Signaler des traducteurs belges italiens :&nbsp;<\/span><\/p>\n<p><\/p>\n<p><span style=\"font-weight: bolder;\">Espace du citoyen \u00e0 l&rsquo;\u00e9tranger :&nbsp;<\/span><\/p>\n<p><\/p>\n<ul style=\"background-color: rgb(255, 255, 255);\">\n<li style=\"font-size: 17px;\">Convention d&rsquo;assurance pour les citoyens italiens \u00e0 l&rsquo;\u00e9tranger&nbsp;<\/li>\n<li style=\"\">Comment obtenir la carte Vital pour acc\u00e9der aux soins essentiels<br><\/li>\n<\/ul>\t\t\t\t\t\t\t\t<\/div>\n\t\t\t\t<\/div>\n\t\t\t\t\t<\/div>\n\t\t<\/div>\n\t\t\t\t\t<\/div>\n\t\t<\/section>\n\t\t\t\t<section class=\"elementor-section elementor-top-section elementor-element elementor-element-0262df4 elementor-section-full_width elementor-section-height-default elementor-section-height-default\" data-id=\"0262df4\" data-element_type=\"section\" data-e-type=\"section\" data-settings=\"{&quot;background_background&quot;:&quot;classic&quot;}\">\n\t\t\t\t\t\t<div class=\"elementor-container elementor-column-gap-default\">\n\t\t\t\t\t<div class=\"elementor-column elementor-col-100 elementor-top-column elementor-element elementor-element-39e618e\" data-id=\"39e618e\" data-element_type=\"column\" data-e-type=\"column\">\n\t\t\t<div class=\"elementor-widget-wrap\">\n\t\t\t\t\t\t\t<\/div>\n\t\t<\/div>\n\t\t\t\t\t<\/div>\n\t\t<\/section>\n\t\t\t\t<\/div>\n\t\t","protected":false},"excerpt":{"rendered":"<p>Belgique Le portrait d&rsquo;Arnolfini &#8211; Jan Van Eyck Comit\u00e9 AReMIEM Belgique : Dr. Tatiana Poni&nbsp;M\u00e9decin, m\u00e9decine g\u00e9n\u00e9rale, Bree, Limbourg Dr. Simona Liliana&nbsp;Sava&nbsp;MD, professeur de Neurologie, Clinique des C\u00e9phal\u00e9es, Saint Nicolas Dr. Gian Luca SosciaM\u00e9decin, Urologue, Chu Ambroise Pare, Mons Dr. Pamela Baldin sp\u00e9cialiste en anatomie pathologique, Cliniques Universitaires Saint Luc, Woluwe Saint Lambert &nbsp; Poser [&hellip;]<\/p>\n","protected":false},"author":1,"featured_media":0,"parent":0,"menu_order":0,"comment_status":"closed","ping_status":"closed","template":"elementor_header_footer","meta":{"footnotes":""},"class_list":["post-2580","page","type-page","status-publish","hentry"],"_links":{"self":[{"href":"https:\/\/aremiem.com\/fr\/wp-json\/wp\/v2\/pages\/2580","targetHints":{"allow":["GET"]}}],"collection":[{"href":"https:\/\/aremiem.com\/fr\/wp-json\/wp\/v2\/pages"}],"about":[{"href":"https:\/\/aremiem.com\/fr\/wp-json\/wp\/v2\/types\/page"}],"author":[{"embeddable":true,"href":"https:\/\/aremiem.com\/fr\/wp-json\/wp\/v2\/users\/1"}],"replies":[{"embeddable":true,"href":"https:\/\/aremiem.com\/fr\/wp-json\/wp\/v2\/comments?post=2580"}],"version-history":[{"count":0,"href":"https:\/\/aremiem.com\/fr\/wp-json\/wp\/v2\/pages\/2580\/revisions"}],"wp:attachment":[{"href":"https:\/\/aremiem.com\/fr\/wp-json\/wp\/v2\/media?parent=2580"}],"curies":[{"name":"wp","href":"https:\/\/api.w.org\/{rel}","templated":true}]}}