{"id":2574,"date":"2023-02-03T17:32:57","date_gmt":"2023-02-03T17:32:57","guid":{"rendered":"https:\/\/aremiem.com\/comite-scientifique-formation\/"},"modified":"2023-07-04T08:13:59","modified_gmt":"2023-07-04T08:13:59","slug":"comite-scientifique-formation","status":"publish","type":"page","link":"https:\/\/aremiem.com\/fr\/comite-scientifique-formation\/","title":{"rendered":"Comit\u00e9 Scientifique &amp; Formation"},"content":{"rendered":"\t\t<div data-elementor-type=\"wp-page\" data-elementor-id=\"2574\" class=\"elementor elementor-2574 elementor-447\" data-elementor-post-type=\"page\">\n\t\t\t\t\t\t<section class=\"elementor-section elementor-top-section elementor-element elementor-element-6df20e8 elementor-section-full_width elementor-section-height-min-height elementor-section-height-default elementor-section-items-middle\" data-id=\"6df20e8\" data-element_type=\"section\" data-e-type=\"section\" data-settings=\"{&quot;background_background&quot;:&quot;classic&quot;}\">\n\t\t\t\t\t\t\t<div class=\"elementor-background-overlay\"><\/div>\n\t\t\t\t\t\t\t<div class=\"elementor-container elementor-column-gap-no\">\n\t\t\t\t\t<div class=\"elementor-column elementor-col-100 elementor-top-column elementor-element elementor-element-338c3c6\" data-id=\"338c3c6\" data-element_type=\"column\" data-e-type=\"column\" data-settings=\"{&quot;background_background&quot;:&quot;classic&quot;}\">\n\t\t\t<div class=\"elementor-widget-wrap elementor-element-populated\">\n\t\t\t\t\t<div class=\"elementor-background-overlay\"><\/div>\n\t\t\t\t\t\t<div class=\"elementor-element elementor-element-01a11cb elementor-widget elementor-widget-heading\" data-id=\"01a11cb\" data-element_type=\"widget\" data-e-type=\"widget\" data-widget_type=\"heading.default\">\n\t\t\t\t<div class=\"elementor-widget-container\">\n\t\t\t\t\t<h2 class=\"elementor-heading-title elementor-size-default\">Comit\u00e9 Scientifique &amp; Formation<\/h2>\t\t\t\t<\/div>\n\t\t\t\t<\/div>\n\t\t\t\t\t<\/div>\n\t\t<\/div>\n\t\t\t\t\t<\/div>\n\t\t<\/section>\n\t\t\t\t<section class=\"elementor-section elementor-top-section elementor-element elementor-element-4fd484b elementor-section-boxed elementor-section-height-default elementor-section-height-default\" data-id=\"4fd484b\" data-element_type=\"section\" data-e-type=\"section\">\n\t\t\t\t\t\t<div class=\"elementor-container elementor-column-gap-default\">\n\t\t\t\t\t<div class=\"elementor-column elementor-col-100 elementor-top-column elementor-element elementor-element-ad3d35d\" data-id=\"ad3d35d\" data-element_type=\"column\" data-e-type=\"column\">\n\t\t\t<div class=\"elementor-widget-wrap elementor-element-populated\">\n\t\t\t\t\t\t<div class=\"elementor-element elementor-element-d0947f0 elementor-widget elementor-widget-heading\" data-id=\"d0947f0\" data-element_type=\"widget\" data-e-type=\"widget\" data-widget_type=\"heading.default\">\n\t\t\t\t<div class=\"elementor-widget-container\">\n\t\t\t\t\t<h2 class=\"elementor-heading-title elementor-size-default\">Comit\u00e9 Scientifique &amp; Formation <\/h2>\t\t\t\t<\/div>\n\t\t\t\t<\/div>\n\t\t\t\t<div class=\"elementor-element elementor-element-e70f041 elementor-widget elementor-widget-text-editor\" data-id=\"e70f041\" data-element_type=\"widget\" data-e-type=\"widget\" data-widget_type=\"text-editor.default\">\n\t\t\t\t<div class=\"elementor-widget-container\">\n\t\t\t\t\t\t\t\t\t<p>AReMIEM promeut la recherche scientifique et la formation m\u00e9dicale au niveau international. Les \u00e9changes interculturels entre diff\u00e9rents pays d\u00e9terminent un enrichissement humain de l&rsquo;individu et favorisent des interconnexions professionnelles pr\u00e9cieuses pour la communaut\u00e9 m\u00e9dicale.<\/p>\n<p><b>Recherche &amp; formation <\/b><\/p>\n<ul>\n<li><strong>Marco Vismara<\/strong> MD, g\u00e9n\u00e9ticien, pr\u00e9sident de lightScience srl, C\u00f4me, Italie<\/li>\n<li><strong>Cristiano Spadaccio<\/strong> MD, PhD Consultant en chirurgie cardiaque Chirurgie cardio-thoracique, Blackpool Victoria Hospital, Blackpool, Royaume-Uni<\/li>\n<li><strong>Luca Pio<\/strong> MD, chirurgien p\u00e9diatre, Learning Planet Institut, universit\u00e9 de Paris, France<\/li>\n<li><strong>Guido Liddo<\/strong> MD, Chirurgie Digestive et Transplantation, CHU H\u00f4pital L&rsquo;Archet, Nice, France<\/li>\n<li><strong>Giorgina Piccoli<\/strong> MD, PhD Responsable du centre de n\u00e9phrologie Le Mans, France<\/li>\n<li><strong>Simona Liliana<\/strong> MD, PhD neurologie, Headache Clinic, Saint Nicolas, Belgique<\/li>\n<li><strong>Gianluca Donatini<\/strong> MD, PhD Chirurgie visc\u00e9rale et endocrinienne CHU Poitiers, France<\/li>\n<li><strong>Lorenzo Gitto <\/strong>MD,<strong>&nbsp;<\/strong>Bureau du m\u00e9decin l\u00e9giste du comt\u00e9 de Cook, Chicago, Illinois, \u00c9tats-Unis<\/li>\n<li><strong>Marco Mafrici<\/strong> MD, PhD, ophtalmologiste, CH Al\u00e8s, France<\/li>\n<li><strong>Giuseppe Mangiameli<\/strong> MD, chirurgien thoracique Milan, Italie<\/li>\n<li><b>Alessandro Catanese<\/b> MD, radiologue, Barcelone, Espagne<\/li>\n<li><strong>David Rose&nbsp;<\/strong>MD, PhD Consultant en chirurgie cardiaque Chirurgie cardio-thoracique, Blackpool Victoria Hospital, Blackpool, Royaume-Uni<\/li>\n<li><strong>Riccardo Zannoni<\/strong>&nbsp;Neuroradiologue britannique, \u00e0 Ninewells, NHS Tayside, Dundee, Royaume-Uni<\/li>\n<li><strong>Francesco Macr\u00ec<\/strong>&nbsp;MD, PhD Radiologue, Gen\u00e8ve, Suisse<\/li>\n<li><strong>Giacomo Serboli<\/strong> Gyn\u00e9cologue \u00e0 Brian\u00e7on, France<\/li>\n<li><b>Filippo Pigazzani<\/b>&nbsp;Cardiologue chercheur, Universit\u00e9 de Dundee, \u00c9cosse, Royaume-Uni<\/li>\n<li><b>Antonio Minniti<\/b> Chef De Service Chirurgie thoracique, CHU de Pau France<\/li>\n<li><b>Giorgio Albanese<\/b> Ophtalmologiste, Queen&rsquo;s Medical Centre, University Hospitals NHS Trust, Nottingham, Royaume-Uni<\/li>\n<li><b>Elia Gigante<\/b> MD, Gastro-ent\u00e9rologue, CHU H\u00f4pital Robert Debr\u00e9, Reims, France<\/li>\n<li><strong>Mario Tecame<\/strong> Neuroradiologue, H\u00f4pital de la Santa Creu i Sant Pau, Barcelone, Espagne<\/li>\n<\/ul>\t\t\t\t\t\t\t\t<\/div>\n\t\t\t\t<\/div>\n\t\t\t\t\t<\/div>\n\t\t<\/div>\n\t\t\t\t\t<\/div>\n\t\t<\/section>\n\t\t\t\t<\/div>\n\t\t","protected":false},"excerpt":{"rendered":"<p>Comit\u00e9 Scientifique &amp; Formation Comit\u00e9 Scientifique &amp; Formation AReMIEM promeut la recherche scientifique et la formation m\u00e9dicale au niveau international. Les \u00e9changes interculturels entre diff\u00e9rents pays d\u00e9terminent un enrichissement humain de l&rsquo;individu et favorisent des interconnexions professionnelles pr\u00e9cieuses pour la communaut\u00e9 m\u00e9dicale. Recherche &amp; formation Marco Vismara MD, g\u00e9n\u00e9ticien, pr\u00e9sident de lightScience srl, C\u00f4me, Italie [&hellip;]<\/p>\n","protected":false},"author":1,"featured_media":0,"parent":0,"menu_order":0,"comment_status":"closed","ping_status":"closed","template":"elementor_header_footer","meta":{"footnotes":""},"class_list":["post-2574","page","type-page","status-publish","hentry"],"_links":{"self":[{"href":"https:\/\/aremiem.com\/fr\/wp-json\/wp\/v2\/pages\/2574","targetHints":{"allow":["GET"]}}],"collection":[{"href":"https:\/\/aremiem.com\/fr\/wp-json\/wp\/v2\/pages"}],"about":[{"href":"https:\/\/aremiem.com\/fr\/wp-json\/wp\/v2\/types\/page"}],"author":[{"embeddable":true,"href":"https:\/\/aremiem.com\/fr\/wp-json\/wp\/v2\/users\/1"}],"replies":[{"embeddable":true,"href":"https:\/\/aremiem.com\/fr\/wp-json\/wp\/v2\/comments?post=2574"}],"version-history":[{"count":0,"href":"https:\/\/aremiem.com\/fr\/wp-json\/wp\/v2\/pages\/2574\/revisions"}],"wp:attachment":[{"href":"https:\/\/aremiem.com\/fr\/wp-json\/wp\/v2\/media?parent=2574"}],"curies":[{"name":"wp","href":"https:\/\/api.w.org\/{rel}","templated":true}]}}