{"id":2570,"date":"2023-02-03T17:28:43","date_gmt":"2023-02-03T17:28:43","guid":{"rendered":"https:\/\/aremiem.com\/mission\/"},"modified":"2023-09-25T13:47:04","modified_gmt":"2023-09-25T13:47:04","slug":"mission","status":"publish","type":"page","link":"https:\/\/aremiem.com\/fr\/mission\/","title":{"rendered":"Mission"},"content":{"rendered":"\t\t<div data-elementor-type=\"wp-page\" data-elementor-id=\"2570\" class=\"elementor elementor-2570 elementor-439\" data-elementor-post-type=\"page\">\n\t\t\t\t\t\t<section class=\"elementor-section elementor-top-section elementor-element elementor-element-11650083 elementor-section-full_width elementor-section-height-min-height elementor-section-height-default elementor-section-items-middle\" data-id=\"11650083\" data-element_type=\"section\" data-e-type=\"section\" data-settings=\"{&quot;background_background&quot;:&quot;classic&quot;}\">\n\t\t\t\t\t\t\t<div class=\"elementor-background-overlay\"><\/div>\n\t\t\t\t\t\t\t<div class=\"elementor-container elementor-column-gap-no\">\n\t\t\t\t\t<div class=\"elementor-column elementor-col-100 elementor-top-column elementor-element elementor-element-6bf94d2a\" data-id=\"6bf94d2a\" data-element_type=\"column\" data-e-type=\"column\" data-settings=\"{&quot;background_background&quot;:&quot;classic&quot;}\">\n\t\t\t<div class=\"elementor-widget-wrap elementor-element-populated\">\n\t\t\t\t\t<div class=\"elementor-background-overlay\"><\/div>\n\t\t\t\t\t\t<div class=\"elementor-element elementor-element-69f70a1 elementor-widget elementor-widget-heading\" data-id=\"69f70a1\" data-element_type=\"widget\" data-e-type=\"widget\" data-widget_type=\"heading.default\">\n\t\t\t\t<div class=\"elementor-widget-container\">\n\t\t\t\t\t<h2 class=\"elementor-heading-title elementor-size-default\">Mission<\/h2>\t\t\t\t<\/div>\n\t\t\t\t<\/div>\n\t\t\t\t\t<\/div>\n\t\t<\/div>\n\t\t\t\t\t<\/div>\n\t\t<\/section>\n\t\t\t\t<section class=\"elementor-section elementor-top-section elementor-element elementor-element-1d23a30 elementor-section-boxed elementor-section-height-default elementor-section-height-default\" data-id=\"1d23a30\" data-element_type=\"section\" data-e-type=\"section\" data-settings=\"{&quot;background_background&quot;:&quot;classic&quot;}\">\n\t\t\t\t\t\t<div class=\"elementor-container elementor-column-gap-default\">\n\t\t\t\t\t<div class=\"elementor-column elementor-col-100 elementor-top-column elementor-element elementor-element-0e12351\" data-id=\"0e12351\" data-element_type=\"column\" data-e-type=\"column\">\n\t\t\t<div class=\"elementor-widget-wrap elementor-element-populated\">\n\t\t\t\t\t\t<div class=\"elementor-element elementor-element-090be64 elementor-widget elementor-widget-heading\" data-id=\"090be64\" data-element_type=\"widget\" data-e-type=\"widget\" data-widget_type=\"heading.default\">\n\t\t\t\t<div class=\"elementor-widget-container\">\n\t\t\t\t\t<h2 class=\"elementor-heading-title elementor-size-default\">Le mot d'ordre\n\"Les connaissances doivent \u00eatre partag\u00e9es, les comp\u00e9tences doivent \u00eatre transmises, la sant\u00e9 doit \u00eatre diffus\u00e9e\"\n<\/h2>\t\t\t\t<\/div>\n\t\t\t\t<\/div>\n\t\t\t\t<div class=\"elementor-element elementor-element-500d047 elementor-widget elementor-widget-text-editor\" data-id=\"500d047\" data-element_type=\"widget\" data-e-type=\"widget\" data-widget_type=\"text-editor.default\">\n\t\t\t\t<div class=\"elementor-widget-container\">\n\t\t\t\t\t\t\t\t\t<p style=\"font-weight: 400;\">L&rsquo;Association des M\u00e9decins Italiens en Europe et dans le Monde (AReMIEM) est une soci\u00e9t\u00e9 scientifique compos\u00e9e de m\u00e9decins et chirurgiens italiens ou de tout m\u00e9decin form\u00e9 en Italie qui exercent leurs activit\u00e9s professionnelles en Italie ou \u00e0 l&rsquo;\u00e9tranger. L&rsquo;Association AReMIEM est non syndiqu\u00e9e et apolitique, non partisane, non confessionnelle et ind\u00e9pendante de toute autre association, entit\u00e9 publique et\/ou priv\u00e9e. Le si\u00e8ge social est dans la municipalit\u00e9 de Rome. Elle op\u00e8re comme une association \u00e0 but non lucratif dans le secteur national et international de la sant\u00e9 et poursuit les objectifs suivants :<\/p>\n<ul>\n<li>Faciliter la cr\u00e9ation d\u2019un syst\u00e8me de sant\u00e9 europ\u00e9en et promouvoir la coop\u00e9ration entre les \u00c9tats membres en mati\u00e8re de sant\u00e9, de sciences et d\u2019\u00e9ducation.<\/li>\n<li>Reconna\u00eetre la dimension internationale de la profession m\u00e9dicale.<\/li>\n<li>Aborder la mobilit\u00e9 des m\u00e9decins et la nature transfrontali\u00e8re des soins de sant\u00e9.<\/li>\n<li>Encourager la collaboration et l&rsquo;\u00e9change de connaissances entre les m\u00e9decins italiens et \u00e9trangers op\u00e9rant dans divers pays europ\u00e9ens et dans le monde, en utilisant des moyens technologiques et des syst\u00e8mes de communication innovants.<\/li>\n<li>Promouvoir les \u00e9changes interculturels et professionnels entre m\u00e9decins en Europe et dans le monde.<\/li>\n<li>Accompagner les m\u00e9decins qui poursuivent leur carri\u00e8re professionnelle dans des pays europ\u00e9ens ou non europ\u00e9ens ou qui retournent exercer en Italie.<\/li>\n<li>Favoriser l\u2019exploration de nouvelles technologies et solutions de soins de sant\u00e9 et plaider pour le d\u00e9veloppement de nouveaux syst\u00e8mes de sant\u00e9 pour r\u00e9pondre aux diverses demandes de soins de sant\u00e9 dans diff\u00e9rents pays.<\/li>\n<li>Engager un dialogue pour repr\u00e9senter les droits et les int\u00e9r\u00eats des m\u00e9decins au sein des institutions, organisations, associations et entreprises, dans le respect des r\u00e9glementations et normes en vigueur dans les diff\u00e9rents pays, en Italie, en Europe et dans le monde.<\/li>\n<li>Promouvoir le dialogue et la collaboration avec les associations et organisations de soins de sant\u00e9 et li\u00e9es \u00e0 la sant\u00e9 en Italie, en Europe et dans le monde, pour sauvegarder le droit des citoyens \u00e0 la sant\u00e9 et faire progresser le progr\u00e8s scientifique m\u00e9dical.<\/li>\n<li>Servir de r\u00e9f\u00e9rence en mati\u00e8re de soins de sant\u00e9 pour les citoyens italiens vivant \u00e0 l&rsquo;\u00e9tranger et soutenir l&rsquo;acc\u00e8s aux services de sant\u00e9 dans les pays \u00e9trangers.<\/li>\n<\/ul>\n<div> <\/div>\n<p style=\"font-weight: 400;\">L&rsquo;Association \u00ab\u00a0<strong>AReMIEM<\/strong>\u00a0\u00bb a la capacit\u00e9 d&rsquo;\u00e9tablir des liens et des collaborations avec d&rsquo;autres associations professionnelles et non professionnelles partageant des objectifs similaires. Elle op\u00e8re ind\u00e9pendamment de toute entit\u00e9 publique ou priv\u00e9e, italienne ou \u00e9trang\u00e8re. L&rsquo;association jouit d&rsquo;une totale autonomie juridique, financi\u00e8re et proc\u00e9durale, lui permettant d&rsquo;exercer ses activit\u00e9s et fonctions sans ing\u00e9rence ext\u00e9rieure.<\/p>\n\t\t\t\t\t\t\t\t<\/div>\n\t\t\t\t<\/div>\n\t\t\t\t\t<\/div>\n\t\t<\/div>\n\t\t\t\t\t<\/div>\n\t\t<\/section>\n\t\t\t\t<\/div>\n\t\t","protected":false},"excerpt":{"rendered":"<p>Mission Le mot d&rsquo;ordre \u00ab\u00a0Les connaissances doivent \u00eatre partag\u00e9es, les comp\u00e9tences doivent \u00eatre transmises, la sant\u00e9 doit \u00eatre diffus\u00e9e\u00a0\u00bb L&rsquo;Association des M\u00e9decins Italiens en Europe et dans le Monde (AReMIEM) est une soci\u00e9t\u00e9 scientifique compos\u00e9e de m\u00e9decins et chirurgiens italiens ou de tout m\u00e9decin form\u00e9 en Italie qui exercent leurs activit\u00e9s professionnelles en Italie ou [&hellip;]<\/p>\n","protected":false},"author":1,"featured_media":0,"parent":0,"menu_order":0,"comment_status":"closed","ping_status":"closed","template":"elementor_header_footer","meta":{"footnotes":""},"class_list":["post-2570","page","type-page","status-publish","hentry"],"_links":{"self":[{"href":"https:\/\/aremiem.com\/fr\/wp-json\/wp\/v2\/pages\/2570","targetHints":{"allow":["GET"]}}],"collection":[{"href":"https:\/\/aremiem.com\/fr\/wp-json\/wp\/v2\/pages"}],"about":[{"href":"https:\/\/aremiem.com\/fr\/wp-json\/wp\/v2\/types\/page"}],"author":[{"embeddable":true,"href":"https:\/\/aremiem.com\/fr\/wp-json\/wp\/v2\/users\/1"}],"replies":[{"embeddable":true,"href":"https:\/\/aremiem.com\/fr\/wp-json\/wp\/v2\/comments?post=2570"}],"version-history":[{"count":0,"href":"https:\/\/aremiem.com\/fr\/wp-json\/wp\/v2\/pages\/2570\/revisions"}],"wp:attachment":[{"href":"https:\/\/aremiem.com\/fr\/wp-json\/wp\/v2\/media?parent=2570"}],"curies":[{"name":"wp","href":"https:\/\/api.w.org\/{rel}","templated":true}]}}